{"id":51170,"date":"2025-09-23T11:29:40","date_gmt":"2025-09-23T11:29:40","guid":{"rendered":"https:\/\/mondaysimon.com\/formation-management-sur-mesure-entreprise\/"},"modified":"2026-02-26T07:47:12","modified_gmt":"2026-02-26T07:47:12","slug":"formation-management-sur-mesure-entreprise","status":"publish","type":"page","link":"https:\/\/mondaysimon.com\/fr\/formation-management-sur-mesure-entreprise\/","title":{"rendered":"Formation management sur mesure pour vos managers"},"content":{"rendered":"\n<div class=\"gbp-section gb-element-5e026088\">\n<div class=\"gbp-section__inner gb-element-2dd7a015\">\n<div class=\"gb-element-c59a7f0e\">\n<div>\n<h1 class=\"gb-text\">Formation management sur mesure pour votre entreprise.<\/h1>\n\n\n\n<p class=\"gb-text gbp-section__text--lg\">Construisez une formation management align\u00e9e sur votre organisation et vos priorit\u00e9s strat\u00e9giques.<\/p>\n\n\n\n<p class=\"gb-text gb-text-39c49465\">Les formations en management standards ne tiennent pas compte de vos processus de performance, de votre culture, ni de vos r\u00e9f\u00e9rentiels de comp\u00e9tences. Optez pour une formation manag\u00e9riale adapt\u00e9e \u00e0 votre organisation, qui renforce vos syst\u00e8mes existants au lieu de les contredire. Une formation sur mesure aligne vos managers sur votre direction strat\u00e9gique et produit des r\u00e9sultats mesurables.  <\/p>\n\n\n\n<a class=\"gb-text gb-text-150c26b3\" href=\"https:\/\/calendly.com\/simon-huneety\/30min_meeting\" target=\"_blank\" rel=\"noopener\"><strong><strong>Planifier un \u00e9change<\/strong><\/strong><\/a>\n<\/div>\n\n\n\n<div class=\"gb-element-64f86f2d\">\n<figure class=\"wp-block-image size-large\"><img loading=\"lazy\" decoding=\"async\" width=\"1024\" height=\"683\" src=\"https:\/\/mondaysimon.com\/wp-content\/uploads\/2025\/09\/205609ff-39a8-41aa-abfd-913faa3de53c-1024x683.jpg\" alt=\"Calendrier annuel de la Formation management sur mesure pr\u00e9sentant les \u00e9tapes cl\u00e9s du d\u00e9veloppement manag\u00e9rial et du pilotage de la performance.\n\" class=\"wp-image-47510\" srcset=\"https:\/\/mondaysimon.com\/wp-content\/uploads\/2025\/09\/205609ff-39a8-41aa-abfd-913faa3de53c-1024x683.jpg 1024w, https:\/\/mondaysimon.com\/wp-content\/uploads\/2025\/09\/205609ff-39a8-41aa-abfd-913faa3de53c-300x200.jpg 300w, https:\/\/mondaysimon.com\/wp-content\/uploads\/2025\/09\/205609ff-39a8-41aa-abfd-913faa3de53c-768x512.jpg 768w, https:\/\/mondaysimon.com\/wp-content\/uploads\/2025\/09\/205609ff-39a8-41aa-abfd-913faa3de53c.jpg 1248w\" sizes=\"auto, (max-width: 1024px) 100vw, 1024px\" \/><\/figure>\n<\/div>\n<\/div>\n<\/div>\n<\/div>\n\n\n\n<div class=\"gbp-section gb-element-ebb36959\">\n<span class=\"gb-shape gb-shape-2003ce64 gb-shape--divider\"><svg viewBox=\"0 0 400 27\" preserveAspectRatio=\"none\" xmlns=\"http:\/\/www.w3.org\/2000\/svg\"><path d=\"M400 27H0v-.5h342.71c2.46 0 4.89-.57 7.1-1.66L400 0v27Z\"><\/path><\/svg><\/span>\n\n\n\n<div class=\"gbp-section__inner gb-element-c66b8b0a\">\n<div class=\"gb-element-bb9918f2\">\n<div>\n<p class=\"gb-text gbp-section__tagline\">Pourquoi choisir une formation management sur mesure ?<\/p>\n\n\n\n<h2 class=\"gb-text gb-text-4ebf339f\">Les limites des formations management g\u00e9n\u00e9riques<\/h2>\n\n\n\n<figure class=\"wp-block-image size-full\"><img loading=\"lazy\" decoding=\"async\" width=\"1024\" height=\"1024\" src=\"https:\/\/mondaysimon.com\/wp-content\/uploads\/2025\/09\/94e03379-3236-4fc0-8846-ddec88fcedaa.jpg\" alt=\"\nResponsable RH tentant d\u2019int\u00e9grer une formation management g\u00e9n\u00e9rique dans le syst\u00e8me interne de l\u2019entreprise (valeurs, culture, processus) illustrant l\u2019importance de la personnalisation.\" class=\"wp-image-47512\" srcset=\"https:\/\/mondaysimon.com\/wp-content\/uploads\/2025\/09\/94e03379-3236-4fc0-8846-ddec88fcedaa.jpg 1024w, https:\/\/mondaysimon.com\/wp-content\/uploads\/2025\/09\/94e03379-3236-4fc0-8846-ddec88fcedaa-300x300.jpg 300w, https:\/\/mondaysimon.com\/wp-content\/uploads\/2025\/09\/94e03379-3236-4fc0-8846-ddec88fcedaa-150x150.jpg 150w, https:\/\/mondaysimon.com\/wp-content\/uploads\/2025\/09\/94e03379-3236-4fc0-8846-ddec88fcedaa-768x768.jpg 768w\" sizes=\"auto, (max-width: 1024px) 100vw, 1024px\" \/><\/figure>\n<\/div>\n\n\n\n<div>\n<div class=\"gb-element-c4aa82d6\">\n<div class=\"gb-element-19e92d6f\">\n<span class=\"gb-shape gb-shape-4e4e8b10\"><svg width=\"32\" height=\"32\" viewBox=\"0 0 256 256\" xmlns=\"http:\/\/www.w3.org\/2000\/svg\"><path d=\"M208,36H48A20,20,0,0,0,28,56v56c0,54.29,26.32,87.22,48.4,105.29,23.71,19.39,47.44,26,48.44,26.29a12.1,12.1,0,0,0,6.32,0c1-.28,24.73-6.9,48.44-26.29,22.08-18.07,48.4-51,48.4-105.29V56A20,20,0,0,0,208,36Zm-4,76c0,35.71-13.09,64.69-38.91,86.15A126.28,126.28,0,0,1,128,219.38a126.14,126.14,0,0,1-37.09-21.23C65.09,176.69,52,147.71,52,112V60H204ZM79.51,144.49a12,12,0,1,1,17-17L112,143l47.51-47.52a12,12,0,0,1,17,17l-56,56a12,12,0,0,1-17,0Z\"><\/path><\/svg><\/span>\n<\/div>\n\n\n\n<div>\n<h3 class=\"gb-text gb-text-8632d30b\">Les formations en management standards ne conviennent pas \u00e0 votre organisation.<\/h3>\n\n\n\n<p class=\"gb-text gb-text-9c50b164\">Votre culture manag\u00e9riale est trop sp\u00e9cifique pour des programmes standards pr\u00eats \u00e0 l\u2019emploi. Les formations management g\u00e9n\u00e9riques paraissent souvent pertinentes sur le papier, mais elles restent d\u00e9connect\u00e9es de vos processus internes, de votre culture et de vos priorit\u00e9s strat\u00e9giques. <\/p>\n<\/div>\n<\/div>\n\n\n\n<div class=\"gb-element-2ad3e086\">\n<div class=\"gb-element-20c6585f\">\n<span class=\"gb-shape gb-shape-2eebd3f6\"><svg viewBox=\"0 0 256 256\" height=\"32\" width=\"32\" xmlns=\"http:\/\/www.w3.org\/2000\/svg\"><path d=\"M229.26,90.4a108,108,0,0,1-177.63,114A108,108,0,0,1,195.41,43.63l20.1-20.11a12,12,0,0,1,17,17l-96,96a12,12,0,1,1-17-17l24-24a36,36,0,1,0,19.76,39.65,12,12,0,0,1,23.53,4.74,60,60,0,1,1-25.73-62L178.3,60.74a84,84,0,1,0,28.46,38,12,12,0,1,1,22.5-8.35Z\"><\/path><\/svg><\/span>\n<\/div>\n\n\n\n<div>\n<h3 class=\"gb-text gb-text-e212c88f\"><strong>Le contenu d\u2019une formation management g\u00e9n\u00e9rique peut entrer en contradiction avec vos valeurs, vos processus de performance et votre r\u00e9f\u00e9rentiel interne.<\/strong><\/h3>\n\n\n\n<p class=\"gb-text gb-text-6285c474\">Vous disposez d\u00e9j\u00e0 d\u2019un cadre manag\u00e9rial efficace, mais les formations en management g\u00e9n\u00e9riques enseignent des approches qui contredisent vos syst\u00e8mes \u00e9tablis, cr\u00e9ant de la confusion au lieu de les renforcer.<\/p>\n<\/div>\n<\/div>\n\n\n\n<div class=\"gb-element-cf2d6d79\">\n<div class=\"gb-element-5acd8455\">\n<span class=\"gb-shape gb-shape-5951415c\"><svg width=\"32\" height=\"32\" viewBox=\"0 0 256 256\" xmlns=\"http:\/\/www.w3.org\/2000\/svg\"><path d=\"M208,76H180V56A52,52,0,0,0,76,56V76H48A20,20,0,0,0,28,96V208a20,20,0,0,0,20,20H208a20,20,0,0,0,20-20V96A20,20,0,0,0,208,76ZM100,56a28,28,0,0,1,56,0V76H100ZM204,204H52V100H204Zm-60-52a16,16,0,1,1-16-16A16,16,0,0,1,144,152Z\"><\/path><\/svg><\/span>\n<\/div>\n\n\n\n<div>\n<h3 class=\"gb-text gb-text-ce3a110b\">Vous ne disposez pas d\u2019indicateurs clairs permettant de mesurer si la formation am\u00e9liore r\u00e9ellement les pratiques manag\u00e9riales.<\/h3>\n\n\n\n<p class=\"gb-text gb-text-2d910756\">De faibles taux d\u2019adoption emp\u00eachent vos processus d\u2019\u00e9voluer durablement.<br>Sans formation align\u00e9e sur votre approche, les managers reviennent rapidement \u00e0 leurs anciennes habitudes. <\/p>\n<\/div>\n<\/div>\n<\/div>\n<\/div>\n<\/div>\n<\/div>\n\n\n\n<div class=\"gbp-section gb-element-5f1ddadc\">\n<div class=\"gbp-section__inner\">\n<div class=\"gb-element-795693e3\">\n<h2 class=\"gb-text gbp-section__headline\">La formation management sur mesure sign\u00e9e Monday Simon<\/h2>\n\n\n\n<blockquote class=\"wp-block-quote is-layout-flow wp-block-quote-is-layout-flow\">\n<p>Une formation management con\u00e7ue pour s\u2019int\u00e9grer \u00e0 votre processus de performance, refl\u00e9ter vos valeurs et renforcer l\u2019alignement manag\u00e9rial. <\/p>\n<\/blockquote>\n<\/div>\n<\/div>\n\n\n\n<div class=\"gbp-section__inner gb-element-1d70f66c\">\n<div>\n<h3 class=\"gb-text gbp-section__headline gb-text-c52f6c87\">\u00c9valuer<\/h3>\n\n\n\n<p class=\"gb-text gbp-section__text gb-text-db1567b2\">Analyse de votre cadre manag\u00e9rial actuel, des \u00e9carts de comp\u00e9tences et de votre culture afin d\u2019identifier les contenus de formation sur mesure qui renforcent votre approche sp\u00e9cifique.<\/p>\n<\/div>\n\n\n\n<div>\n<h3 class=\"gb-text gbp-section__headline gb-text-9c421c3f\">Personnaliser<\/h3>\n\n\n\n<p class=\"gb-text gbp-section__text gb-text-e20a17fd\">Contenu de formation management adapt\u00e9 \u00e0 vos processus de performance, utilisant votre langage, vos valeurs et exemples refl\u00e9tant votre environnement organisationnel unique.<\/p>\n<\/div>\n\n\n\n<div>\n<h3 class=\"gb-text gbp-section__headline gb-text-a4b12a44\">Int\u00e9grer<\/h3>\n\n\n\n<p class=\"gb-text gbp-section__text gb-text-cc84772e\">Une formation management int\u00e9gr\u00e9e \u00e0 votre LMS et \u00e0 votre acad\u00e9mie interne, renfor\u00e7ant vos processus existants sans introduire de m\u00e9thodologies contradictoires.<\/p>\n<\/div>\n<\/div>\n<\/div>\n\n\n\n<div class=\"gbp-section gb-element-5d5587e7\">\n<div class=\"gbp-section__inner gb-element-e5547e5a\">\n<figure class=\"wp-block-image size-full\"><img loading=\"lazy\" decoding=\"async\" width=\"1024\" height=\"1024\" src=\"https:\/\/mondaysimon.com\/wp-content\/uploads\/2025\/09\/e0a5454a-3c16-44c8-9d54-5f01b9c50f97.jpg\" alt=\"Mod\u00e8le de personnalisation de formation management montrant l\u2019int\u00e9gration des politiques internes, des directives RH et du ton culturel avec emplacement pour le logo de l\u2019entreprise.\" class=\"wp-image-47513\" srcset=\"https:\/\/mondaysimon.com\/wp-content\/uploads\/2025\/09\/e0a5454a-3c16-44c8-9d54-5f01b9c50f97.jpg 1024w, https:\/\/mondaysimon.com\/wp-content\/uploads\/2025\/09\/e0a5454a-3c16-44c8-9d54-5f01b9c50f97-300x300.jpg 300w, https:\/\/mondaysimon.com\/wp-content\/uploads\/2025\/09\/e0a5454a-3c16-44c8-9d54-5f01b9c50f97-150x150.jpg 150w, https:\/\/mondaysimon.com\/wp-content\/uploads\/2025\/09\/e0a5454a-3c16-44c8-9d54-5f01b9c50f97-768x768.jpg 768w\" sizes=\"auto, (max-width: 1024px) 100vw, 1024px\" \/><\/figure>\n\n\n\n<ul class=\"gb-element-e28fbae9\">\n<li class=\"gb-element-c50a0944\">\n<div class=\"gb-text-efd7f2fb\"><span class=\"gb-shape\"><svg xmlns=\"http:\/\/www.w3.org\/2000\/svg\" aria-hidden=\"true\" role=\"img\" height=\"1em\" width=\"1em\" viewBox=\"0 0 512 512\"><path fill=\"currentColor\" d=\"M256 8C119 8 8 119 8 256s111 248 248 248 248-111 248-248S393 8 256 8zm0 448c-110.5 0-200-89.5-200-200S145.5 56 256 56s200 89.5 200 200-89.5 200-200 200z\"><\/path><\/svg><\/span><span class=\"gb-text\">Vos politiques RH et vos processus internes<\/span><\/div>\n\n\n\n<p class=\"gb-text gb-text-e12ba3a0\">Le contenu de formation en management s\u2019int\u00e8gre \u00e0 vos processus de performance, \u00e0 vos politiques RH et \u00e0 vos modes de fonctionnement internes, sans introduire de m\u00e9thodologies contradictoires. <\/p>\n<\/li>\n\n\n\n<li class=\"gb-element-c2ea05ba\">\n<div class=\"gb-text-16ca7d23\"><span class=\"gb-shape\"><svg xmlns=\"http:\/\/www.w3.org\/2000\/svg\" aria-hidden=\"true\" role=\"img\" height=\"1em\" width=\"1em\" viewBox=\"0 0 512 512\"><path fill=\"currentColor\" d=\"M256 8C119 8 8 119 8 256s111 248 248 248 248-111 248-248S393 8 256 8zm0 448c-110.5 0-200-89.5-200-200S145.5 56 256 56s200 89.5 200 200-89.5 200-200 200z\"><\/path><\/svg><\/span><span class=\"gb-text\">Choisissez votre ton<\/span><\/div>\n\n\n\n<p class=\"gb-text gb-text-fa114fe4\">La formation s\u2019adapte \u00e0 votre culture et \u00e0 votre style de communication.<br>Du cadre corporate structur\u00e9 aux environnements plus agiles, le ton et les exemples refl\u00e8tent votre r\u00e9alit\u00e9.<br><\/p>\n<\/li>\n\n\n\n<li class=\"gb-element-ba231912\">\n<div class=\"gb-text-fbb10e3b\"><span class=\"gb-shape\"><svg xmlns=\"http:\/\/www.w3.org\/2000\/svg\" aria-hidden=\"true\" role=\"img\" height=\"1em\" width=\"1em\" viewBox=\"0 0 512 512\"><path fill=\"currentColor\" d=\"M256 8C119 8 8 119 8 256s111 248 248 248 248-111 248-248S393 8 256 8zm0 448c-110.5 0-200-89.5-200-200S145.5 56 256 56s200 89.5 200 200-89.5 200-200 200z\"><\/path><\/svg><\/span><span class=\"gb-text\">Votre LMS et acad\u00e9mie<\/span><\/div>\n\n\n\n<p class=\"gb-text gb-text-1ba927f8\">La formation s\u2019int\u00e8gre \u00e0 votre LMS et \u00e0 votre acad\u00e9mie interne. Nous adaptons les formats, les parcours et les modalit\u00e9s de diffusion afin de garantir une coh\u00e9rence totale avec votre dispositif existant.<\/p>\n\n\n\n<p><br><\/p>\n\n\n\n<a class=\"gb-text gb-text-3e788a9e\" href=\"https:\/\/calendly.com\/simon-huneety\/30min_meeting\" target=\"_blank\" rel=\"noopener\"><strong>Planifier un \u00e9change<\/strong><\/a>\n<\/li>\n<\/ul>\n<\/div>\n<\/div>\n\n\n\n<div class=\"gbp-section gb-element-ae2a8ff0\">\n<div class=\"gbp-section__inner gb-element-7694aaa1\">\n<div>\n<p class=\"gb-text gbp-section__tagline\">Une formation management align\u00e9e sur vos syst\u00e8mes.<\/p>\n\n\n\n<h2 class=\"gb-text gbp-section__headline\">De meilleurs managers. Point final. <\/h2>\n<\/div>\n\n\n\n<div>\n<p class=\"gb-text gbp-section__text\">La formation management Monday Simon est con\u00e7ue pour vos syst\u00e8mes internes et produit des r\u00e9sultats mesurables que les programmes g\u00e9n\u00e9riques ne peuvent \u00e9galer.<\/p>\n\n\n\n<ul class=\"gb-element-5734a44f\">\n<li class=\"gb-element-7fbb416f\">\n<div class=\"gb-text gb-text-7e4b7af8\">100%<\/div>\n\n\n\n<p class=\"gb-text gb-text-5e214cc5\">\u00c9volutif et scalable avec la croissance de votre organisation.<\/p>\n<\/li>\n\n\n\n<li class=\"gb-element-05033658\">\n<div class=\"gb-text gb-text-8ef0eb68\">100%<\/div>\n\n\n\n<p class=\"gb-text gb-text-4a6a8281\">Personnalisable.<\/p>\n<\/li>\n\n\n\n<li class=\"gb-element-f5bc1440\">\n<div class=\"gb-text gb-text-8aadf895\">90%<\/div>\n\n\n\n<p class=\"gb-text gb-text-d41496d4\">Int\u00e9gration fluide dans vos processus existants.<\/p>\n<\/li>\n\n\n\n<li class=\"gb-element-5a4e5334\">\n<div class=\"gb-text gb-text-9fbeab57\">100%<\/div>\n\n\n\n<p class=\"gb-text gb-text-aee81672\">Alignement et coh\u00e9rence du leadership \u00e0 tous les niveaux.<\/p>\n<\/li>\n<\/ul>\n<\/div>\n<\/div>\n<\/div>\n\n\n\n<div class=\"gbp-section gb-element-0278bcab\">\n<div class=\"gbp-section__inner gb-element-a8321c6c\">\n<div class=\"gb-element-f8cc13ca\">\n<h2 class=\"gb-text gbp-section__headline\">FAQ<\/h2>\n\n\n\n<div class=\"gb-text gbp-section__text\">Questions fr\u00e9quentes sur la formation management sur mesure<\/div>\n<\/div>\n<\/div>\n\n\n\n<div class=\"gbp-section__inner gb-element-a5e30670\">\n<div class=\"gb-accordion\">\n<div class=\"gb-accordion__item gb-accordion__item-c017cd37\">\n<div role=\"button\" tabindex=\"0\" class=\"gb-accordion__toggle gb-accordion__toggle-8a4a98e6\" id=\"gb-accordion-toggle-8a4a98e6\">\n<h3 class=\"gb-text gbp-card__title gb-text-2cede218\"><strong>Combien de temps dure le processus de personnalisation ?<\/strong><\/h3>\n\n\n\n<span class=\"gb-accordion__toggle-icon gb-accordion__toggle-icon-1918a2fd\"><span class=\"gb-accordion__toggle-icon-open\"><svg aria-hidden=\"true\" viewBox=\"0 0 256 256\"><rect width=\"256\" height=\"256\" fill=\"none\"><\/rect><polyline points=\"208 96 128 176 48 96\" fill=\"none\" stroke=\"currentColor\" stroke-linecap=\"round\" stroke-linejoin=\"round\" stroke-width=\"16\"><\/polyline><\/svg><\/span><span class=\"gb-accordion__toggle-icon-close\"><svg aria-hidden=\"true\" viewBox=\"0 0 256 256\"><rect width=\"256\" height=\"256\" fill=\"none\"><\/rect><polyline points=\"48 160 128 80 208 160\" fill=\"none\" stroke=\"currentColor\" stroke-linecap=\"round\" stroke-linejoin=\"round\" stroke-width=\"16\"><\/polyline><\/svg><\/span><\/span>\n<\/div>\n\n\n\n<div class=\"gb-accordion__content\" id=\"gb-accordion-content-736b9f22\">\n<div class=\"gb-element-23ec8d20\">\n<p class=\"gb-text\">En moyenne, 4 \u00e0 5 semaines entre la phase de diagnostic et le lancement pilote.<br>Ce d\u00e9lai inclut l\u2019analyse de vos syst\u00e8mes, l\u2019adaptation des contenus et l\u2019alignement avec vos processus internes.<br>Des ajustements continus sont ensuite r\u00e9alis\u00e9s en fonction des retours et des r\u00e9sultats mesur\u00e9s.<\/p>\n<\/div>\n<\/div>\n<\/div>\n\n\n\n<div class=\"gb-accordion__item gb-accordion__item-60a9f3b6\">\n<div role=\"button\" tabindex=\"0\" class=\"gb-accordion__toggle gb-accordion__toggle-ea59b3ee\" id=\"gb-accordion-toggle-ea59b3ee\">\n<h3 class=\"gb-text gbp-card__title gb-text-2b65e7e0\"><strong>Pouvez-vous travailler avec nos syst\u00e8mes LMS et RH existants ?<br><br><\/strong><\/h3>\n\n\n\n<span class=\"gb-accordion__toggle-icon gb-accordion__toggle-icon-e7fb4b2d\"><span class=\"gb-accordion__toggle-icon-open\"><svg aria-hidden=\"true\" viewBox=\"0 0 256 256\"><rect width=\"256\" height=\"256\" fill=\"none\"><\/rect><polyline points=\"208 96 128 176 48 96\" fill=\"none\" stroke=\"currentColor\" stroke-linecap=\"round\" stroke-linejoin=\"round\" stroke-width=\"16\"><\/polyline><\/svg><\/span><span class=\"gb-accordion__toggle-icon-close\"><svg aria-hidden=\"true\" viewBox=\"0 0 256 256\"><rect width=\"256\" height=\"256\" fill=\"none\"><\/rect><polyline points=\"48 160 128 80 208 160\" fill=\"none\" stroke=\"currentColor\" stroke-linecap=\"round\" stroke-linejoin=\"round\" stroke-width=\"16\"><\/polyline><\/svg><\/span><\/span>\n<\/div>\n\n\n\n<div class=\"gb-accordion__content\" id=\"gb-accordion-content-3c0e05ab\">\n<div class=\"gb-element-367daec7\">\n<p class=\"gb-text\">Oui.<br>Le contenu est con\u00e7u pour s\u2019int\u00e9grer \u00e0 votre LMS, \u00e0 votre infrastructure RH et \u00e0 votre environnement technologique existant.<br>L\u2019objectif est de renforcer vos dispositifs, jamais d\u2019introduire une m\u00e9thodologie parall\u00e8le.<\/p>\n<\/div>\n<\/div>\n<\/div>\n\n\n\n<div class=\"gb-accordion__item gb-accordion__item-6f51c167\">\n<div role=\"button\" tabindex=\"0\" class=\"gb-accordion__toggle gb-accordion__toggle-1d0202e9\" id=\"gb-accordion-toggle-1d0202e9\">\n<h3 class=\"gb-text gbp-card__title gb-text-e6816ba0\">Et si notre processus de gestion de la performance est encore en \u00e9volution ?<\/h3>\n\n\n\n<span class=\"gb-accordion__toggle-icon gb-accordion__toggle-icon-5912ad1e\"><span class=\"gb-accordion__toggle-icon-open\"><svg aria-hidden=\"true\" viewBox=\"0 0 256 256\"><rect width=\"256\" height=\"256\" fill=\"none\"><\/rect><polyline points=\"208 96 128 176 48 96\" fill=\"none\" stroke=\"currentColor\" stroke-linecap=\"round\" stroke-linejoin=\"round\" stroke-width=\"16\"><\/polyline><\/svg><\/span><span class=\"gb-accordion__toggle-icon-close\"><svg aria-hidden=\"true\" viewBox=\"0 0 256 256\"><rect width=\"256\" height=\"256\" fill=\"none\"><\/rect><polyline points=\"48 160 128 80 208 160\" fill=\"none\" stroke=\"currentColor\" stroke-linecap=\"round\" stroke-linejoin=\"round\" stroke-width=\"16\"><\/polyline><\/svg><\/span><\/span>\n<\/div>\n\n\n\n<div class=\"gb-accordion__content\" id=\"gb-accordion-content-cf7539e8\">\n<div class=\"gb-element-17957c6a\">\n<p class=\"gb-text\">La formation peu etre flexible afin d\u2019accompagner l\u2019\u00e9volution de vos processus et soutenir votre d\u00e9veloppement organisationnel.<\/p>\n<\/div>\n<\/div>\n<\/div>\n\n\n\n<div class=\"gb-accordion__item gb-accordion__item-53817ec0\">\n<div role=\"button\" tabindex=\"0\" class=\"gb-accordion__toggle gb-accordion__toggle-25aa6699\" id=\"gb-accordion-toggle-25aa6699\">\n<h3 class=\"gb-text gbp-card__title gb-text-f6fd5cf5\">Comment mesurez-vous l\u2019efficacit\u00e9 de la formation par rapport \u00e0 nos comp\u00e9tences ?<\/h3>\n\n\n\n<span class=\"gb-accordion__toggle-icon gb-accordion__toggle-icon-95edd733\"><span class=\"gb-accordion__toggle-icon-open\"><svg aria-hidden=\"true\" viewBox=\"0 0 256 256\"><rect width=\"256\" height=\"256\" fill=\"none\"><\/rect><polyline points=\"208 96 128 176 48 96\" fill=\"none\" stroke=\"currentColor\" stroke-linecap=\"round\" stroke-linejoin=\"round\" stroke-width=\"16\"><\/polyline><\/svg><\/span><span class=\"gb-accordion__toggle-icon-close\"><svg aria-hidden=\"true\" viewBox=\"0 0 256 256\"><rect width=\"256\" height=\"256\" fill=\"none\"><\/rect><polyline points=\"48 160 128 80 208 160\" fill=\"none\" stroke=\"currentColor\" stroke-linecap=\"round\" stroke-linejoin=\"round\" stroke-width=\"16\"><\/polyline><\/svg><\/span><\/span>\n<\/div>\n\n\n\n<div class=\"gb-accordion__content\" id=\"gb-accordion-content-bf351f23\">\n<div class=\"gb-element-37b727e6\">\n<p class=\"gb-text gb-text-ccce9087\">Nous alignons les contenus sur votre r\u00e9f\u00e9rentiel de comp\u00e9tences et vos standards manag\u00e9riaux.<br>&#8211; L\u2019efficacit\u00e9 est mesur\u00e9e \u00e0 travers :<br>&#8211; des indicateurs comportementaux observables<br>&#8211; des \u00e9valuations avant \/ apr\u00e8s<br>&#8211; des retours 360\u00b0 si applicable<br>&#8211; des m\u00e9triques li\u00e9es \u00e0 vos processus de performance<br>L\u2019objectif est une am\u00e9lioration mesurable, pas simplement une satisfaction \u00e0 chaud. <\/p>\n<\/div>\n<\/div>\n<\/div>\n\n\n\n<div class=\"gb-accordion__item gb-accordion__item-5f057987\">\n<div role=\"button\" tabindex=\"0\" class=\"gb-accordion__toggle gb-accordion__toggle-5f1bda69\" id=\"gb-accordion-toggle-5f1bda69\">\n<h3 class=\"gb-text gbp-card__title gb-text-9d8982ce\">Proposez-vous un dispositif de formation des formateurs ?<\/h3>\n\n\n\n<span class=\"gb-accordion__toggle-icon gb-accordion__toggle-icon-55d78b33\"><span class=\"gb-accordion__toggle-icon-open\"><svg aria-hidden=\"true\" viewBox=\"0 0 256 256\"><rect width=\"256\" height=\"256\" fill=\"none\"><\/rect><polyline points=\"208 96 128 176 48 96\" fill=\"none\" stroke=\"currentColor\" stroke-linecap=\"round\" stroke-linejoin=\"round\" stroke-width=\"16\"><\/polyline><\/svg><\/span><span class=\"gb-accordion__toggle-icon-close\"><svg aria-hidden=\"true\" viewBox=\"0 0 256 256\"><rect width=\"256\" height=\"256\" fill=\"none\"><\/rect><polyline points=\"48 160 128 80 208 160\" fill=\"none\" stroke=\"currentColor\" stroke-linecap=\"round\" stroke-linejoin=\"round\" stroke-width=\"16\"><\/polyline><\/svg><\/span><\/span>\n<\/div>\n\n\n\n<div class=\"gb-accordion__content\" id=\"gb-accordion-content-20e5f841\">\n<div class=\"gb-element-293bb8d4\">\n<p class=\"gb-text\">Oui.<br>Nous pouvons former et outiller votre \u00e9quipe interne afin qu\u2019elle d\u00e9ploie le programme en toute autonomie, avec un support continu et des mises \u00e0 jour r\u00e9guli\u00e8res.<\/p>\n<\/div>\n<\/div>\n<\/div>\n<\/div>\n<\/div>\n\n\n\n<div class=\"gb-element-973b1540\">\n<div class=\"wp-block-columns is-layout-flex wp-container-core-columns-is-layout-9d6595d7 wp-block-columns-is-layout-flex\">\n<div class=\"wp-block-column is-vertically-aligned-center is-layout-flow wp-block-column-is-layout-flow\" style=\"flex-basis:45%\">\n<h3 class=\"gb-text gb-text-bb106e15\"><strong>Solutions manag\u00e9riales compl\u00e9mentaires<\/strong><\/h3>\n\n\n<div class=\"wp-block-image\">\n<figure class=\"aligncenter size-large is-resized\"><img loading=\"lazy\" decoding=\"async\" width=\"262\" height=\"119\" src=\"https:\/\/mondaysimon.com\/wp-content\/uploads\/2025\/09\/Copy-of-Untitled-750-x-160-px-400-x-160-px-350-x-160-px-2.svg\" alt=\"Logo Monday Simon\" class=\"wp-image-47176\" style=\"width:109px;height:auto\"\/><\/figure>\n<\/div><\/div>\n\n\n\n<div class=\"wp-block-column is-layout-flow wp-block-column-is-layout-flow\" style=\"flex-basis:50%\">\n<p><br><a href=\"https:\/\/mondaysimon.com\/fr\/programme-de-developpement-managerial\/\" data-type=\"page\" data-id=\"48803\">D\u00e9couvrir le Programme de d\u00e9veloppement manag\u00e9rial &gt;<\/a><\/p>\n\n\n\n<p><a href=\"https:\/\/mondaysimon.com\/fr\/evaluation-360-managers\/\" data-type=\"page\" data-id=\"47068\">Mesurer l\u2019efficacit\u00e9 manag\u00e9riale avec une \u00e9valuation 360\u00b0 &gt;<\/a><\/p>\n\n\n\n<p><a href=\"https:\/\/mondaysimon.com\/talent-retention-industrial-companies\/\" data-type=\"page\" data-id=\"50842\">Structurer la r\u00e9tention des talents et la succession &gt;<\/a><a href=\"https:\/\/mondaysimon.com\/fr\/formation-management-sur-mesure-entreprise\/\" data-type=\"page\" data-id=\"47295\"><br><\/a><\/p>\n<\/div>\n<\/div>\n\n\n\n<p><\/p>\n<\/div>\n\n\n\n<div class=\"gbp-section__inner gb-element-139979f6\">\n<div class=\"gb-element-13aff264\">\n<h3 class=\"gb-text gbp-section__headline\"><strong>Vous vous demandez si cette approche est adapt\u00e9e \u00e0 votre entreprise ?<\/strong><\/h3>\n\n\n\n<div class=\"gb-text gbp-section__text\">Je serai ravi d\u2019\u00e9changer avec vous sur votre contexte, vos priorit\u00e9s et les modalit\u00e9s de d\u00e9ploiement.<\/div>\n\n\n\n<a class=\"gb-text gbp-button--secondary gb-text-fc165ec0\" href=\"https:\/\/calendly.com\/simon-mondaysimon\/30min\" target=\"_blank\" rel=\"noopener\">Planifier un \u00e9change &gt;<\/a>\n<\/div>\n<\/div>\n<\/div>\n","protected":false},"excerpt":{"rendered":"<p>Formation management sur mesure pour votre entreprise. Construisez une formation management align\u00e9e sur votre organisation et vos priorit\u00e9s strat\u00e9giques. Les formations en management standards ne tiennent pas compte de vos processus de performance, de votre culture, ni de vos r\u00e9f\u00e9rentiels de comp\u00e9tences. Optez pour une formation manag\u00e9riale adapt\u00e9e \u00e0 votre organisation, qui renforce vos syst\u00e8mes &#8230; <a title=\"Formation management sur mesure pour vos managers\" class=\"read-more\" href=\"https:\/\/mondaysimon.com\/fr\/formation-management-sur-mesure-entreprise\/\" aria-label=\"En savoir plus sur Formation management sur mesure pour vos managers\">Lire plus<\/a><\/p>\n","protected":false},"author":1,"featured_media":0,"parent":0,"menu_order":0,"comment_status":"closed","ping_status":"closed","template":"","meta":{"footnotes":""},"class_list":["post-51170","page","type-page","status-publish"],"_hostinger_reach_plugin_has_subscription_block":false,"_hostinger_reach_plugin_is_elementor":false,"_links":{"self":[{"href":"https:\/\/mondaysimon.com\/fr\/wp-json\/wp\/v2\/pages\/51170","targetHints":{"allow":["GET"]}}],"collection":[{"href":"https:\/\/mondaysimon.com\/fr\/wp-json\/wp\/v2\/pages"}],"about":[{"href":"https:\/\/mondaysimon.com\/fr\/wp-json\/wp\/v2\/types\/page"}],"author":[{"embeddable":true,"href":"https:\/\/mondaysimon.com\/fr\/wp-json\/wp\/v2\/users\/1"}],"replies":[{"embeddable":true,"href":"https:\/\/mondaysimon.com\/fr\/wp-json\/wp\/v2\/comments?post=51170"}],"version-history":[{"count":3,"href":"https:\/\/mondaysimon.com\/fr\/wp-json\/wp\/v2\/pages\/51170\/revisions"}],"predecessor-version":[{"id":51174,"href":"https:\/\/mondaysimon.com\/fr\/wp-json\/wp\/v2\/pages\/51170\/revisions\/51174"}],"wp:attachment":[{"href":"https:\/\/mondaysimon.com\/fr\/wp-json\/wp\/v2\/media?parent=51170"}],"curies":[{"name":"wp","href":"https:\/\/api.w.org\/{rel}","templated":true}]}}