{"id":51140,"date":"2025-09-20T10:18:17","date_gmt":"2025-09-20T10:18:17","guid":{"rendered":"https:\/\/mondaysimon.com\/evaluation-360-managers\/"},"modified":"2026-02-26T07:42:35","modified_gmt":"2026-02-26T07:42:35","slug":"evaluation-360-managers","status":"publish","type":"page","link":"https:\/\/mondaysimon.com\/fr\/evaluation-360-managers\/","title":{"rendered":"\u00c9valuation 360 pour managers"},"content":{"rendered":"\n<div class=\"gbp-section gb-element-5e026088\">\n<div class=\"gbp-section__inner gb-element-2dd7a015\">\n<div class=\"gb-element-c59a7f0e\">\n<div>\n<h1 class=\"gb-text\">\u00c9valuation 360 pour managers<\/h1>\n\n\n\n<p class=\"gb-text gbp-section__text--lg\">La solution d\u2019\u00e9valuation 360 pour managers.<\/p>\n\n\n\n<p class=\"gb-text gb-text-39c49465\">L\u2019\u00e9valuation 360 pour managers de Monday Simon identifie pr\u00e9cis\u00e9ment les forces et les \u00e9carts \u00e0 corriger. Bas\u00e9e sur un r\u00e9f\u00e9rentiel structur\u00e9 des fondamentaux du management, elle transforme les discussions d\u2019\u00e9volution et de promotion en d\u00e9cisions fond\u00e9es sur des donn\u00e9es. <br><br>Les d\u00e9cisions ne reposent plus sur des perceptions, elles s\u2019appuient sur des \u00e9l\u00e9ments mesurables.<br><\/p>\n\n\n\n<a class=\"gb-text gb-text-150c26b3\" href=\"https:\/\/calendly.com\/simon-huneety\/30min_meeting\" target=\"_blank\" rel=\"noopener\"><strong>Planifier un \u00e9change &gt;<\/strong> <\/a>\n<\/div>\n\n\n\n<div class=\"gb-element-64f86f2d\">\n<figure class=\"wp-block-image size-full\"><img loading=\"lazy\" decoding=\"async\" width=\"638\" height=\"659\" src=\"https:\/\/mondaysimon.com\/wp-content\/uploads\/2025\/09\/presentation-pictures-2.png\" alt=\"\u00c9valuation 360 pour managers affichant un tableau de bord de r\u00e9sultats avec feedback structur\u00e9 et indicateurs de performance.\" class=\"wp-image-47521\" srcset=\"https:\/\/mondaysimon.com\/wp-content\/uploads\/2025\/09\/presentation-pictures-2.png 638w, https:\/\/mondaysimon.com\/wp-content\/uploads\/2025\/09\/presentation-pictures-2-290x300.png 290w\" sizes=\"auto, (max-width: 638px) 100vw, 638px\" \/><\/figure>\n<\/div>\n<\/div>\n<\/div>\n<\/div>\n\n\n\n<div class=\"gbp-section gb-element-ebb36959\">\n<span class=\"gb-shape gb-shape-2003ce64 gb-shape--divider\"><svg xmlns=\"http:\/\/www.w3.org\/2000\/svg\" preserveAspectRatio=\"none\" viewBox=\"0 0 400 27\"><path d=\"M400 27H0v-.5h342.71c2.46 0 4.89-.57 7.1-1.66L400 0v27Z\"><\/path><\/svg><\/span>\n\n\n\n<div class=\"gbp-section__inner gb-element-c66b8b0a\">\n<div class=\"gb-element-bb9918f2\">\n<div>\n<p class=\"gb-text gbp-section__tagline\"><strong>Pourquoi une \u00e9valuation 360 pour managers ?<\/strong><\/p>\n\n\n\n<h2 class=\"gb-text gb-text-4ebf339f\"><strong>Quand le d\u00e9veloppement manag\u00e9rial manque de donn\u00e9es<\/strong><\/h2>\n\n\n\n<figure class=\"wp-block-image size-full\"><img loading=\"lazy\" decoding=\"async\" width=\"1024\" height=\"1024\" src=\"https:\/\/mondaysimon.com\/wp-content\/uploads\/2025\/09\/b092df59-d131-48f0-8259-eb13a7257c03.jpg\" alt=\"\u00c9valuation 360 pour manager identifiant les \u00e9carts de management et les angles morts\" class=\"wp-image-47505\" srcset=\"https:\/\/mondaysimon.com\/wp-content\/uploads\/2025\/09\/b092df59-d131-48f0-8259-eb13a7257c03.jpg 1024w, https:\/\/mondaysimon.com\/wp-content\/uploads\/2025\/09\/b092df59-d131-48f0-8259-eb13a7257c03-300x300.jpg 300w, https:\/\/mondaysimon.com\/wp-content\/uploads\/2025\/09\/b092df59-d131-48f0-8259-eb13a7257c03-150x150.jpg 150w, https:\/\/mondaysimon.com\/wp-content\/uploads\/2025\/09\/b092df59-d131-48f0-8259-eb13a7257c03-768x768.jpg 768w\" sizes=\"auto, (max-width: 1024px) 100vw, 1024px\" \/><\/figure>\n<\/div>\n\n\n\n<div>\n<div class=\"gb-element-c4aa82d6\">\n<div class=\"gb-element-19e92d6f\">\n<span class=\"gb-shape gb-shape-4e4e8b10\"><svg xmlns=\"http:\/\/www.w3.org\/2000\/svg\" aria-hidden=\"true\" height=\"1em\" width=\"1em\" viewBox=\"0 0 512 512\"><path fill=\"currentColor\" d=\"M256 8C119.034 8 8 119.033 8 256s111.034 248 248 248 248-111.034 248-248S392.967 8 256 8zm130.108 117.892c65.448 65.448 70 165.481 20.677 235.637L150.47 105.216c70.204-49.356 170.226-44.735 235.638 20.676zM125.892 386.108c-65.448-65.448-70-165.481-20.677-235.637L361.53 406.784c-70.203 49.356-170.226 44.736-235.638-20.676z\"><\/path><\/svg><\/span>\n<\/div>\n\n\n\n<div>\n<h3 class=\"gb-text gb-text-8632d30b\">Les d\u00e9cisions de promotion reposent sur des donn\u00e9es partielles.<\/h3>\n\n\n\n<p class=\"gb-text gb-text-9c50b164\">Sans feedback structur\u00e9, les d\u00e9cisions de promotion reposent sur une vision partielle des pratiques manag\u00e9riales.<\/p>\n<\/div>\n<\/div>\n\n\n\n<div class=\"gb-element-2ad3e086\">\n<div class=\"gb-element-20c6585f\">\n<span class=\"gb-shape gb-shape-2eebd3f6\"><svg xmlns=\"http:\/\/www.w3.org\/2000\/svg\" aria-hidden=\"true\" height=\"1em\" width=\"1em\" viewBox=\"0 0 512 512\"><path fill=\"currentColor\" d=\"M256 8C119.034 8 8 119.033 8 256s111.034 248 248 248 248-111.034 248-248S392.967 8 256 8zm130.108 117.892c65.448 65.448 70 165.481 20.677 235.637L150.47 105.216c70.204-49.356 170.226-44.735 235.638 20.676zM125.892 386.108c-65.448-65.448-70-165.481-20.677-235.637L361.53 406.784c-70.203 49.356-170.226 44.736-235.638-20.676z\"><\/path><\/svg><\/span>\n<\/div>\n\n\n\n<div>\n<h3 class=\"gb-text gb-text-e212c88f\">Sans feedback factuel, les managers ne per\u00e7oivent pas l\u2019impact r\u00e9el de leurs pratiques.<\/h3>\n\n\n\n<p class=\"gb-text gb-text-6285c474\">Les managers n\u2019ont pas toujours une lecture claire de leurs \u00e9carts. Sans \u00e9valuation structur\u00e9e, leur impact r\u00e9el demeure non mesur\u00e9.<\/p>\n<\/div>\n<\/div>\n\n\n\n<div class=\"gb-element-cf2d6d79\">\n<div class=\"gb-element-5acd8455\">\n<span class=\"gb-shape gb-shape-5951415c\"><svg xmlns=\"http:\/\/www.w3.org\/2000\/svg\" aria-hidden=\"true\" height=\"1em\" width=\"1em\" viewBox=\"0 0 512 512\"><path fill=\"currentColor\" d=\"M256 8C119.034 8 8 119.033 8 256s111.034 248 248 248 248-111.034 248-248S392.967 8 256 8zm130.108 117.892c65.448 65.448 70 165.481 20.677 235.637L150.47 105.216c70.204-49.356 170.226-44.735 235.638 20.676zM125.892 386.108c-65.448-65.448-70-165.481-20.677-235.637L361.53 406.784c-70.203 49.356-170.226 44.736-235.638-20.676z\"><\/path><\/svg><\/span>\n<\/div>\n\n\n\n<div>\n<h3 class=\"gb-text gb-text-ce3a110b\">Sans mesure initiale, il n\u2019y a pas de preuve de progression.<\/h3>\n\n\n\n<p class=\"gb-text gb-text-2d910756\">Sans point de d\u00e9part clair, le ROI du d\u00e9veloppement manag\u00e9rial ne peut \u00eatre objectiv\u00e9.<br>Les investissements en formation se poursuivent sans indicateurs fiables sur la progression r\u00e9elle des managers ni sur l\u2019impact business.<\/p>\n<\/div>\n<\/div>\n<\/div>\n<\/div>\n<\/div>\n<\/div>\n\n\n\n<div class=\"gbp-section gb-element-5f1ddadc\">\n<div class=\"gbp-section__inner\">\n<div class=\"gb-element-795693e3\">\n<h2 class=\"gb-text gbp-section__headline\">\u00c9valuation 360 pour manager \u2013 Monday Simon<\/h2>\n\n\n\n<blockquote class=\"wp-block-quote is-layout-flow wp-block-quote-is-layout-flow\">\n<p>Cessez de deviner les \u00e9carts manag\u00e9riaux. Appuyez-vous sur des donn\u00e9es pour piloter un d\u00e9veloppement cibl\u00e9 et mesurable. <\/p>\n<\/blockquote>\n<\/div>\n<\/div>\n\n\n\n<div class=\"gbp-section__inner gb-element-1d70f66c\">\n<div>\n<h3 class=\"gb-text gbp-section__headline gb-text-c52f6c87\">Diagnostic structur\u00e9<\/h3>\n\n\n\n<p class=\"gb-text gbp-section__text gb-text-db1567b2\">L\u2019\u00e9valuation 360 pour manager identifie clairement les forces, les comportements \u00e0 ajuster et les \u00e9carts prioritaires par rapport aux attentes du poste.<br>Vous transformez des perceptions en donn\u00e9es objectives.<\/p>\n<\/div>\n\n\n\n<div>\n<h3 class=\"gb-text gbp-section__headline gb-text-9c421c3f\">Transformer les \u00e9carts en plans d\u2019action structur\u00e9s<\/h3>\n\n\n\n<p class=\"gb-text gbp-section__text gb-text-e20a17fd\">Les \u00e9carts identifi\u00e9s sont int\u00e9gr\u00e9s dans un plan de d\u00e9veloppement manag\u00e9rial cibl\u00e9 et personnalis\u00e9. Votre budget formation se concentre sur ce qui g\u00e9n\u00e8re un impact r\u00e9el.<\/p>\n<\/div>\n\n\n\n<div>\n<h3 class=\"gb-text gbp-section__headline gb-text-a4b12a44\">Accompagnement \u00e0 la mise en \u0153uvre<\/h3>\n\n\n\n<p class=\"gb-text gbp-section__text gb-text-cc84772e\">Une \u00e9valuation de suivi mesure les progr\u00e8s et le ROI du d\u00e9veloppement manag\u00e9rial \u00e0 l\u2019aide de donn\u00e9es comparatives avant\/apr\u00e8s.<br>Vous ne formez pas. Vous transformez les pratiques.<\/p>\n<\/div>\n<\/div>\n<\/div>\n\n\n\n<div class=\"gbp-section gb-element-5d5587e7\">\n<div class=\"gbp-section__inner gb-element-e5547e5a\">\n<figure class=\"wp-block-image size-large\"><img loading=\"lazy\" decoding=\"async\" width=\"1024\" height=\"962\" src=\"https:\/\/mondaysimon.com\/wp-content\/uploads\/2025\/09\/nano-banana-311650-1-1024x962.jpg\" alt=\"\u00c9valuation 360 pour managers bas\u00e9e sur un r\u00e9f\u00e9rentiel de comp\u00e9tences en entreprise industrielle\" class=\"wp-image-47504\" srcset=\"https:\/\/mondaysimon.com\/wp-content\/uploads\/2025\/09\/nano-banana-311650-1-1024x962.jpg 1024w, https:\/\/mondaysimon.com\/wp-content\/uploads\/2025\/09\/nano-banana-311650-1-300x282.jpg 300w, https:\/\/mondaysimon.com\/wp-content\/uploads\/2025\/09\/nano-banana-311650-1-768x721.jpg 768w, https:\/\/mondaysimon.com\/wp-content\/uploads\/2025\/09\/nano-banana-311650-1.jpg 1056w\" sizes=\"auto, (max-width: 1024px) 100vw, 1024px\" \/><\/figure>\n\n\n\n<ul class=\"gb-element-e28fbae9\">\n<li class=\"gb-element-c50a0944\">\n<div class=\"gb-text-efd7f2fb\"><span class=\"gb-shape\"><svg xmlns=\"http:\/\/www.w3.org\/2000\/svg\" aria-hidden=\"true\" role=\"img\" height=\"1em\" width=\"1em\" viewBox=\"0 0 512 512\"><path fill=\"currentColor\" d=\"M256 8C119 8 8 119 8 256s111 248 248 248 248-111 248-248S393 8 256 8zm0 448c-110.5 0-200-89.5-200-200S145.5 56 256 56s200 89.5 200 200-89.5 200-200 200z\"><\/path><\/svg><\/span><span class=\"gb-text\">\u00c9valuation 360 align\u00e9e sur votre r\u00e9f\u00e9rentiel de comp\u00e9tences<\/span><\/div>\n\n\n\n<p class=\"gb-text gb-text-e12ba3a0\">L\u2019\u00e9valuation 360 pour manager peut \u00eatre align\u00e9e sur votre r\u00e9f\u00e9rentiel de comp\u00e9tences manag\u00e9riales et vos valeurs organisationnelles.<\/p>\n<\/li>\n\n\n\n<li class=\"gb-element-c2ea05ba\">\n<div class=\"gb-text-16ca7d23\"><span class=\"gb-shape\"><svg xmlns=\"http:\/\/www.w3.org\/2000\/svg\" aria-hidden=\"true\" role=\"img\" height=\"1em\" width=\"1em\" viewBox=\"0 0 512 512\"><path fill=\"currentColor\" d=\"M256 8C119 8 8 119 8 256s111 248 248 248 248-111 248-248S393 8 256 8zm0 448c-110.5 0-200-89.5-200-200S145.5 56 256 56s200 89.5 200 200-89.5 200-200 200z\"><\/path><\/svg><\/span><span class=\"gb-text\">Structur\u00e9 pour une mise en \u0153uvre imm\u00e9diate <\/span><\/div>\n\n\n\n<p class=\"gb-text gb-text-fa114fe4\">Chaque \u00e9valuation 360 pour manager d\u00e9bouche sur des priorit\u00e9s de d\u00e9veloppement claires et des recommandations directement applicables.<br><\/p>\n<\/li>\n\n\n\n<li class=\"gb-element-ba231912\">\n<div class=\"gb-text-fbb10e3b\"><span class=\"gb-shape\"><svg xmlns=\"http:\/\/www.w3.org\/2000\/svg\" aria-hidden=\"true\" role=\"img\" height=\"1em\" width=\"1em\" viewBox=\"0 0 512 512\"><path fill=\"currentColor\" d=\"M256 8C119 8 8 119 8 256s111 248 248 248 248-111 248-248S393 8 256 8zm0 448c-110.5 0-200-89.5-200-200S145.5 56 256 56s200 89.5 200 200-89.5 200-200 200z\"><\/path><\/svg><\/span><span class=\"gb-text\">PDI cibl\u00e9s sur les comp\u00e9tences de leadership <\/span><\/div>\n\n\n\n<p class=\"gb-text gb-text-1ba927f8\">La prise de conscience n\u2019est qu\u2019un premier pas.<br>L\u2019\u00e9valuation 360 pour manager s\u2019int\u00e8gre au Programme de D\u00e9veloppement Manag\u00e9rial afin de transformer les \u00e9carts identifi\u00e9s en actions concr\u00e8tes.<br>&#8211; Formation cibl\u00e9e.<br>&#8211; Accompagnement \u00e0 la mise en \u0153uvre.<br>&#8211; Mesure des progr\u00e8s.<\/p>\n\n\n\n<p><br><\/p>\n\n\n\n<a class=\"gb-text gb-text-3e788a9e\" href=\"https:\/\/calendly.com\/simon-huneety\/30min_meeting\" target=\"_blank\" rel=\"noopener\"><strong>Planifier un \u00e9change<\/strong><\/a>\n<\/li>\n<\/ul>\n<\/div>\n<\/div>\n\n\n\n<div class=\"gbp-section gb-element-ae2a8ff0\">\n<div class=\"gbp-section__inner gb-element-7694aaa1\">\n<div>\n<p class=\"gb-text gbp-section__tagline\">ROI du d\u00e9veloppement manag\u00e9rial <\/p>\n\n\n\n<h2 class=\"gb-text gbp-section__headline\">De meilleurs managers. Point final. <\/h2>\n<\/div>\n\n\n\n<div>\n<p class=\"gb-text gbp-section__text\">L\u2019\u00e9valuation 360 pour managers produit des r\u00e9sultats mesurables qui justifient vos investissements en d\u00e9veloppement manag\u00e9rial.<br>Les progr\u00e8s sont suivis, compar\u00e9s et objectiv\u00e9s.<\/p>\n\n\n\n<ul class=\"gb-element-5734a44f\">\n<li class=\"gb-element-7fbb416f\">\n<div class=\"gb-text gb-text-7e4b7af8\">95%<\/div>\n\n\n\n<p class=\"gb-text gb-text-5e214cc5\">Taux d\u2019application des plans d\u2019action <\/p>\n<\/li>\n\n\n\n<li class=\"gb-element-05033658\">\n<div class=\"gb-text gb-text-8ef0eb68\">40%<\/div>\n\n\n\n<p class=\"gb-text gb-text-4a6a8281\">D\u00e9cisions d\u2019\u00e9volution plus rapides et mieux fond\u00e9es.<\/p>\n<\/li>\n\n\n\n<li class=\"gb-element-f5bc1440\">\n<div class=\"gb-text gb-text-8aadf895\">60%<\/div>\n\n\n\n<p class=\"gb-text gb-text-d41496d4\">Am\u00e9lioration de l\u2019efficacit\u00e9 manag\u00e9riale<\/p>\n<\/li>\n\n\n\n<li class=\"gb-element-5a4e5334\">\n<div class=\"gb-text gb-text-9fbeab57\">80%<\/div>\n\n\n\n<p class=\"gb-text gb-text-aee81672\">Atteinte des objectifs du plan de d\u00e9veloppement (PDI)<\/p>\n<\/li>\n<\/ul>\n<\/div>\n<\/div>\n<\/div>\n\n\n\n<div class=\"gbp-section gb-element-0278bcab\">\n<div class=\"gbp-section__inner gb-element-a8321c6c\">\n<div class=\"gb-element-f8cc13ca\">\n<h2 class=\"gb-text gbp-section__headline\">FAQ<\/h2>\n\n\n\n<div class=\"gb-text gbp-section__text\">Questions fr\u00e9quentes sur le d\u00e9ploiement de programme 360 pour managers<\/div>\n<\/div>\n<\/div>\n\n\n\n<div class=\"gbp-section__inner gb-element-a5e30670\">\n<div class=\"gb-accordion\">\n<div class=\"gb-accordion__item gb-accordion__item-c017cd37\">\n<div role=\"button\" tabindex=\"0\" class=\"gb-accordion__toggle gb-accordion__toggle-8a4a98e6\" id=\"gb-accordion-toggle-8a4a98e6\">\n<h3 class=\"gb-text gbp-card__title gb-text-2cede218\">Combien de temps dure une \u00e9valuation 360 pour manager ?<\/h3>\n\n\n\n<span class=\"gb-accordion__toggle-icon gb-accordion__toggle-icon-1918a2fd\"><span class=\"gb-accordion__toggle-icon-open\"><svg aria-hidden=\"true\" viewBox=\"0 0 256 256\"><rect width=\"256\" height=\"256\" fill=\"none\"><\/rect><polyline points=\"208 96 128 176 48 96\" fill=\"none\" stroke=\"currentColor\" stroke-linecap=\"round\" stroke-linejoin=\"round\" stroke-width=\"16\"><\/polyline><\/svg><\/span><span class=\"gb-accordion__toggle-icon-close\"><svg aria-hidden=\"true\" viewBox=\"0 0 256 256\"><rect width=\"256\" height=\"256\" fill=\"none\"><\/rect><polyline points=\"48 160 128 80 208 160\" fill=\"none\" stroke=\"currentColor\" stroke-linecap=\"round\" stroke-linejoin=\"round\" stroke-width=\"16\"><\/polyline><\/svg><\/span><\/span>\n<\/div>\n\n\n\n<div class=\"gb-accordion__content\" id=\"gb-accordion-content-736b9f22\">\n<div class=\"gb-element-23ec8d20\">\n<p class=\"gb-text\">15 \u00e0 20 minutes par participant.<br>L\u2019\u00e9valuation 360 pour manager est con\u00e7ue pour s\u2019int\u00e9grer facilement dans l\u2019agenda de managers \u00e9voluant dans des environnements op\u00e9rationnels exigeants.<\/p>\n<\/div>\n<\/div>\n<\/div>\n\n\n\n<div class=\"gb-accordion__item gb-accordion__item-60a9f3b6\">\n<div role=\"button\" tabindex=\"0\" class=\"gb-accordion__toggle gb-accordion__toggle-ea59b3ee\" id=\"gb-accordion-toggle-ea59b3ee\">\n<h3 class=\"gb-text gbp-card__title gb-text-2b65e7e0\">Peut-on adapter l\u2019\u00e9valuation 360 pour manager \u00e0 notre r\u00e9f\u00e9rentiel de comp\u00e9tences ?<\/h3>\n\n\n\n<span class=\"gb-accordion__toggle-icon gb-accordion__toggle-icon-e7fb4b2d\"><span class=\"gb-accordion__toggle-icon-open\"><svg aria-hidden=\"true\" viewBox=\"0 0 256 256\"><rect width=\"256\" height=\"256\" fill=\"none\"><\/rect><polyline points=\"208 96 128 176 48 96\" fill=\"none\" stroke=\"currentColor\" stroke-linecap=\"round\" stroke-linejoin=\"round\" stroke-width=\"16\"><\/polyline><\/svg><\/span><span class=\"gb-accordion__toggle-icon-close\"><svg aria-hidden=\"true\" viewBox=\"0 0 256 256\"><rect width=\"256\" height=\"256\" fill=\"none\"><\/rect><polyline points=\"48 160 128 80 208 160\" fill=\"none\" stroke=\"currentColor\" stroke-linecap=\"round\" stroke-linejoin=\"round\" stroke-width=\"16\"><\/polyline><\/svg><\/span><\/span>\n<\/div>\n\n\n\n<div class=\"gb-accordion__content\" id=\"gb-accordion-content-3c0e05ab\">\n<div class=\"gb-element-367daec7\">\n<p class=\"gb-text\">Oui. L\u2019\u00e9valuation 360 pour manager peut \u00eatre align\u00e9e sur votre r\u00e9f\u00e9rentiel de comp\u00e9tences manag\u00e9riales et vos valeurs organisationnelles.<\/p>\n<\/div>\n<\/div>\n<\/div>\n\n\n\n<div class=\"gb-accordion__item gb-accordion__item-6f51c167\">\n<div role=\"button\" tabindex=\"0\" class=\"gb-accordion__toggle gb-accordion__toggle-1d0202e9\" id=\"gb-accordion-toggle-1d0202e9\">\n<h3 class=\"gb-text gbp-card__title gb-text-e6816ba0\">Comment g\u00e9rer la r\u00e9sistance des managers lors du d\u00e9ploiement de l\u2019\u00e9valuation 360 ?<\/h3>\n\n\n\n<span class=\"gb-accordion__toggle-icon gb-accordion__toggle-icon-5912ad1e\"><span class=\"gb-accordion__toggle-icon-open\"><svg aria-hidden=\"true\" viewBox=\"0 0 256 256\"><rect width=\"256\" height=\"256\" fill=\"none\"><\/rect><polyline points=\"208 96 128 176 48 96\" fill=\"none\" stroke=\"currentColor\" stroke-linecap=\"round\" stroke-linejoin=\"round\" stroke-width=\"16\"><\/polyline><\/svg><\/span><span class=\"gb-accordion__toggle-icon-close\"><svg aria-hidden=\"true\" viewBox=\"0 0 256 256\"><rect width=\"256\" height=\"256\" fill=\"none\"><\/rect><polyline points=\"48 160 128 80 208 160\" fill=\"none\" stroke=\"currentColor\" stroke-linecap=\"round\" stroke-linejoin=\"round\" stroke-width=\"16\"><\/polyline><\/svg><\/span><\/span>\n<\/div>\n\n\n\n<div class=\"gb-accordion__content\" id=\"gb-accordion-content-cf7539e8\">\n<div class=\"gb-element-17957c6a\">\n<p class=\"gb-text\">Nous pr\u00e9sentons l\u2019\u00e9valuation 360 pour manager comme un outil de d\u00e9veloppement manag\u00e9rial, et non comme un outil d\u2019\u00e9valuation de performance.<br>Un accompagnement en conduite du changement et des supports de communication sont fournis pour s\u00e9curiser le d\u00e9ploiement.<\/p>\n<\/div>\n<\/div>\n<\/div>\n\n\n\n<div class=\"gb-accordion__item gb-accordion__item-53817ec0\">\n<div role=\"button\" tabindex=\"0\" class=\"gb-accordion__toggle gb-accordion__toggle-25aa6699\" id=\"gb-accordion-toggle-25aa6699\">\n<h3 class=\"gb-text gbp-card__title gb-text-f6fd5cf5\">Comment garantir un feedback honn\u00eate et constructif lors d\u2019une \u00e9valuation 360 pour manager ?<\/h3>\n\n\n\n<span class=\"gb-accordion__toggle-icon gb-accordion__toggle-icon-95edd733\"><span class=\"gb-accordion__toggle-icon-open\"><svg aria-hidden=\"true\" viewBox=\"0 0 256 256\"><rect width=\"256\" height=\"256\" fill=\"none\"><\/rect><polyline points=\"208 96 128 176 48 96\" fill=\"none\" stroke=\"currentColor\" stroke-linecap=\"round\" stroke-linejoin=\"round\" stroke-width=\"16\"><\/polyline><\/svg><\/span><span class=\"gb-accordion__toggle-icon-close\"><svg aria-hidden=\"true\" viewBox=\"0 0 256 256\"><rect width=\"256\" height=\"256\" fill=\"none\"><\/rect><polyline points=\"48 160 128 80 208 160\" fill=\"none\" stroke=\"currentColor\" stroke-linecap=\"round\" stroke-linejoin=\"round\" stroke-width=\"16\"><\/polyline><\/svg><\/span><\/span>\n<\/div>\n\n\n\n<div class=\"gb-accordion__content\" id=\"gb-accordion-content-bf351f23\">\n<div class=\"gb-element-37b727e6\">\n<p class=\"gb-text\">Le processus garantit la confidentialit\u00e9 des r\u00e9ponses.<br>Les r\u00e9sultats sont consolid\u00e9s et anonymis\u00e9s afin d\u2019encourager un feedback sinc\u00e8re et professionnel.<br>L\u2019objectif est le d\u00e9veloppement manag\u00e9rial, pas la sanction.<\/p>\n<\/div>\n<\/div>\n<\/div>\n\n\n\n<div class=\"gb-accordion__item gb-accordion__item-5f057987\">\n<div role=\"button\" tabindex=\"0\" class=\"gb-accordion__toggle gb-accordion__toggle-5f1bda69\" id=\"gb-accordion-toggle-5f1bda69\">\n<h3 class=\"gb-text gbp-card__title gb-text-9d8982ce\">Proposez-vous des benchmarks sectoriels ou internationaux ?<\/h3>\n\n\n\n<span class=\"gb-accordion__toggle-icon gb-accordion__toggle-icon-55d78b33\"><span class=\"gb-accordion__toggle-icon-open\"><svg aria-hidden=\"true\" viewBox=\"0 0 256 256\"><rect width=\"256\" height=\"256\" fill=\"none\"><\/rect><polyline points=\"208 96 128 176 48 96\" fill=\"none\" stroke=\"currentColor\" stroke-linecap=\"round\" stroke-linejoin=\"round\" stroke-width=\"16\"><\/polyline><\/svg><\/span><span class=\"gb-accordion__toggle-icon-close\"><svg aria-hidden=\"true\" viewBox=\"0 0 256 256\"><rect width=\"256\" height=\"256\" fill=\"none\"><\/rect><polyline points=\"48 160 128 80 208 160\" fill=\"none\" stroke=\"currentColor\" stroke-linecap=\"round\" stroke-linejoin=\"round\" stroke-width=\"16\"><\/polyline><\/svg><\/span><\/span>\n<\/div>\n\n\n\n<div class=\"gb-accordion__content\" id=\"gb-accordion-content-20e5f841\">\n<div class=\"gb-element-293bb8d4\">\n<p class=\"gb-text\">Non, et nous n\u2019y croyons pas. <br>Nous privil\u00e9gions un benchmark interne plut\u00f4t que des comparaisons sectorielles g\u00e9n\u00e9riques.<br>L\u2019\u00e9valuation 360 pour manager mesure la progression par rapport \u00e0 votre propre base de r\u00e9f\u00e9rence et \u00e0 votre r\u00e9f\u00e9rentiel de comp\u00e9tences manag\u00e9riales.<br>Comparer vos managers \u00e0 des entreprises utilisant des standards diff\u00e9rents apporte peu de valeur op\u00e9rationnelle.<br>Ce qui compte, c\u2019est l\u2019alignement avec votre syst\u00e8me de management.  <\/p>\n<\/div>\n<\/div>\n<\/div>\n<\/div>\n<\/div>\n\n\n\n<div class=\"gb-element-973b1540\">\n<div class=\"wp-block-columns is-layout-flex wp-container-core-columns-is-layout-9d6595d7 wp-block-columns-is-layout-flex\">\n<div class=\"wp-block-column is-vertically-aligned-center is-layout-flow wp-block-column-is-layout-flow\" style=\"flex-basis:45%\">\n<h3 class=\"gb-text gb-text-bb106e15\"><strong>Solutions manag\u00e9riales compl\u00e9mentaires<\/strong><\/h3>\n\n\n<div class=\"wp-block-image\">\n<figure class=\"aligncenter size-large is-resized\"><img loading=\"lazy\" decoding=\"async\" width=\"262\" height=\"119\" src=\"https:\/\/mondaysimon.com\/wp-content\/uploads\/2025\/09\/Copy-of-Untitled-750-x-160-px-400-x-160-px-350-x-160-px-2.svg\" alt=\"Logo Monday Simon\" class=\"wp-image-47176\" style=\"width:109px;height:auto\"\/><\/figure>\n<\/div><\/div>\n\n\n\n<div class=\"wp-block-column is-layout-flow wp-block-column-is-layout-flow\" style=\"flex-basis:50%\">\n<p><br><a href=\"https:\/\/mondaysimon.com\/fr\/programme-de-developpement-managerial\/\" data-type=\"page\" data-id=\"48803\">D\u00e9couvrir le Programme de d\u00e9veloppement manag\u00e9rial &gt;<\/a><\/p>\n\n\n\n<p><a href=\"https:\/\/mondaysimon.com\/fr\/evaluation-360-managers\/\" data-type=\"page\" data-id=\"47068\">Mesurer l\u2019efficacit\u00e9 manag\u00e9riale avec une \u00e9valuation 360\u00b0<\/a> > <\/p>\n\n\n\n<p><a href=\"https:\/\/mondaysimon.com\/corporate-management-training\/\" data-type=\"page\" data-id=\"47295\">Concevoir une formation au management sur mesure pour votre entreprise &gt;<br><\/a><\/p>\n<\/div>\n<\/div>\n\n\n\n<p><\/p>\n<\/div>\n\n\n\n<div class=\"gbp-section__inner gb-element-139979f6\">\n<div class=\"gb-element-13aff264\">\n<h3 class=\"gb-text gbp-section__headline\"><strong>Vous vous demandez si cette approche est adapt\u00e9e \u00e0 votre entreprise ?<\/strong><\/h3>\n\n\n\n<div class=\"gb-text gbp-section__text\">Je serai ravi d\u2019\u00e9changer avec vous sur votre contexte, vos priorit\u00e9s et les modalit\u00e9s de d\u00e9ploiement.<\/div>\n\n\n\n<a class=\"gb-text gbp-button--secondary gb-text-fc165ec0\" href=\"https:\/\/calendly.com\/simon-mondaysimon\/30min\" target=\"_blank\" rel=\"noopener\">Planifier un \u00e9change &gt;<\/a>\n<\/div>\n<\/div>\n<\/div>\n","protected":false},"excerpt":{"rendered":"<p>\u00c9valuation 360 pour managers La solution d\u2019\u00e9valuation 360 pour managers. L\u2019\u00e9valuation 360 pour managers de Monday Simon identifie pr\u00e9cis\u00e9ment les forces et les \u00e9carts \u00e0 corriger. Bas\u00e9e sur un r\u00e9f\u00e9rentiel structur\u00e9 des fondamentaux du management, elle transforme les discussions d\u2019\u00e9volution et de promotion en d\u00e9cisions fond\u00e9es sur des donn\u00e9es. Les d\u00e9cisions ne reposent plus sur &#8230; <a title=\"\u00c9valuation 360 pour managers\" class=\"read-more\" href=\"https:\/\/mondaysimon.com\/fr\/evaluation-360-managers\/\" aria-label=\"En savoir plus sur \u00c9valuation 360 pour managers\">Lire plus<\/a><\/p>\n","protected":false},"author":1,"featured_media":0,"parent":0,"menu_order":0,"comment_status":"closed","ping_status":"closed","template":"","meta":{"footnotes":""},"class_list":["post-51140","page","type-page","status-publish"],"_hostinger_reach_plugin_has_subscription_block":false,"_hostinger_reach_plugin_is_elementor":false,"_links":{"self":[{"href":"https:\/\/mondaysimon.com\/fr\/wp-json\/wp\/v2\/pages\/51140","targetHints":{"allow":["GET"]}}],"collection":[{"href":"https:\/\/mondaysimon.com\/fr\/wp-json\/wp\/v2\/pages"}],"about":[{"href":"https:\/\/mondaysimon.com\/fr\/wp-json\/wp\/v2\/types\/page"}],"author":[{"embeddable":true,"href":"https:\/\/mondaysimon.com\/fr\/wp-json\/wp\/v2\/users\/1"}],"replies":[{"embeddable":true,"href":"https:\/\/mondaysimon.com\/fr\/wp-json\/wp\/v2\/comments?post=51140"}],"version-history":[{"count":7,"href":"https:\/\/mondaysimon.com\/fr\/wp-json\/wp\/v2\/pages\/51140\/revisions"}],"predecessor-version":[{"id":51169,"href":"https:\/\/mondaysimon.com\/fr\/wp-json\/wp\/v2\/pages\/51140\/revisions\/51169"}],"wp:attachment":[{"href":"https:\/\/mondaysimon.com\/fr\/wp-json\/wp\/v2\/media?parent=51140"}],"curies":[{"name":"wp","href":"https:\/\/api.w.org\/{rel}","templated":true}]}}