{"id":50964,"date":"2025-09-20T10:17:36","date_gmt":"2025-09-20T10:17:36","guid":{"rendered":"https:\/\/mondaysimon.com\/gestion-talents-entreprises-industrielles\/"},"modified":"2026-03-01T02:42:18","modified_gmt":"2026-03-01T02:42:18","slug":"gestion-talents-entreprises-industrielles","status":"publish","type":"page","link":"https:\/\/mondaysimon.com\/fr\/gestion-talents-entreprises-industrielles\/","title":{"rendered":"POUR LA PAGE CAT\u00c9GORIE RH (EN COURS)"},"content":{"rendered":"\n<div class=\"gbp-section gb-element-bc233964\">\n<div class=\"gbp-section__inner gb-element-2dd7a015\">\n<div class=\"gb-element-390c73fa\">\n<div>\n<h1 class=\"gb-text\"><strong>Gestion des talents pour les entreprises industrielles<\/strong><\/h1>\n\n\n\n<p class=\"gb-text gbp-section__text--lg\">D\u00e9veloppement structur\u00e9 du management, am\u00e9lioration de la r\u00e9tention des talents et recrutement en Asie pour renforcer l\u2019ex\u00e9cution industrielle.<\/p>\n\n\n\n<p class=\"gb-text gb-text-737ec2b1\">La gestion des talents dans les entreprises industrielles devient complexe \u00e0 mesure que l\u2019organisation se d\u00e9veloppe sur plusieurs sites et pays.<br> &#8211; Les standards manag\u00e9riaux se fragilisent.<br> &#8211; L\u2019ex\u00e9cution devient in\u00e9guli\u00e8re.<br> &#8211; La succession se traite dans l\u2019urgence.<br>Le recrutement r\u00e9gional accro\u00eet le risque op\u00e9rationnel.    <br><br>J\u2019accompagne les entreprises industrielles europ\u00e9ennes pour structurer le d\u00e9veloppement manag\u00e9rial, s\u00e9curiser la r\u00e9tention des talents et recruter en Asie du Sud-Est.<br><\/p>\n<\/div>\n\n\n\n<div class=\"gb-element-64f86f2d\">\n<figure class=\"wp-block-image size-full is-style-rounded\"><img loading=\"lazy\" decoding=\"async\" width=\"1000\" height=\"750\" src=\"https:\/\/mondaysimon.com\/wp-content\/uploads\/2025\/09\/Untitled-1000-x-750-px-1-1.jpg\" alt=\"Illustration d'un professionnel RH choisissant la solution en un clic de Monday Simon plut\u00f4t que des cadres interminables\" class=\"wp-image-47317\" srcset=\"https:\/\/mondaysimon.com\/wp-content\/uploads\/2025\/09\/Untitled-1000-x-750-px-1-1.jpg 1000w, https:\/\/mondaysimon.com\/wp-content\/uploads\/2025\/09\/Untitled-1000-x-750-px-1-1-300x225.jpg 300w, https:\/\/mondaysimon.com\/wp-content\/uploads\/2025\/09\/Untitled-1000-x-750-px-1-1-768x576.jpg 768w\" sizes=\"auto, (max-width: 1000px) 100vw, 1000px\" \/><\/figure>\n<\/div>\n<\/div>\n<\/div>\n<\/div>\n\n\n\n<div class=\"gbp-section gb-element-4b4dda57\">\n<span class=\"gb-shape gb-shape-8a45e15f gb-shape--divider\"><svg xmlns=\"http:\/\/www.w3.org\/2000\/svg\" viewBox=\"0 0 400 27\" preserveAspectRatio=\"none\"><path d=\"M400 27H0v-.5h342.71c2.46 0 4.89-.57 7.1-1.66L400 0v27Z\"><\/path><\/svg><\/span>\n\n\n\n<div class=\"gbp-section__inner gb-element-08ff8585\">\n<div class=\"gb-element-b273cea9\">\n<h2 class=\"gb-text\"><strong>Trois piliers de la gestion des talents pour les entreprises industrielles<\/strong><\/h2>\n\n\n\n<p class=\"gb-text gbp-section__text--lg\">Une gestion efficace des talents dans les environnements industriels n\u00e9cessite un alignement entre l\u2019ex\u00e9cution manag\u00e9riale, l\u2019anticipation des successions et la structuration du recrutement r\u00e9gional.<\/p>\n<\/div>\n\n\n\n<div class=\"gb-element-153c50a3\">\n<div class=\"gb-element-2ec6d7af\">\n<div class=\"gb-element-2ce62eb1\">\n<figure class=\"wp-block-image size-full\"><img loading=\"lazy\" decoding=\"async\" width=\"800\" height=\"800\" src=\"https:\/\/mondaysimon.com\/wp-content\/uploads\/2025\/11\/Untitled-800-x-1000-px-1-1.jpg\" alt=\"Image d'appel \u00e0 l'action invitant les RH \u00e0 faire progresser les managers avec le programme de d\u00e9veloppement Manag\u00e9rial de Monday Simon.\" class=\"wp-image-48892\" srcset=\"https:\/\/mondaysimon.com\/wp-content\/uploads\/2025\/11\/Untitled-800-x-1000-px-1-1.jpg 800w, https:\/\/mondaysimon.com\/wp-content\/uploads\/2025\/11\/Untitled-800-x-1000-px-1-1-300x300.jpg 300w, https:\/\/mondaysimon.com\/wp-content\/uploads\/2025\/11\/Untitled-800-x-1000-px-1-1-150x150.jpg 150w, https:\/\/mondaysimon.com\/wp-content\/uploads\/2025\/11\/Untitled-800-x-1000-px-1-1-768x768.jpg 768w\" sizes=\"auto, (max-width: 800px) 100vw, 800px\" \/><\/figure>\n<\/div>\n\n\n\n<div class=\"gb-element-027bc2f5\">\n<h3 class=\"gb-text\">Programme de d\u00e9veloppement Manag\u00e9rial sur 90 jours<\/h3>\n\n\n\n<p class=\"gb-text gb-text-c593c24e\">Un syst\u00e8me structur\u00e9 de 90 jours pour renforcer vos managers gr\u00e2ce \u00e0 l\u2019\u00e9valuation, la formation, des outils op\u00e9rationnels et un suivi hebdomadaire afin d\u2019ancrer des pratiques manag\u00e9riales durables.<\/p>\n\n\n\n<p class=\"gb-text-0c288759\"><span class=\"gb-shape\"><svg xmlns=\"http:\/\/www.w3.org\/2000\/svg\" width=\"32\" height=\"32\" viewBox=\"0 0 256 256\"><path d=\"M176.49,95.51a12,12,0,0,1,0,17l-56,56a12,12,0,0,1-17,0l-24-24a12,12,0,1,1,17-17L112,143l47.51-47.52A12,12,0,0,1,176.49,95.51ZM236,128A108,108,0,1,1,128,20,108.12,108.12,0,0,1,236,128Zm-24,0a84,84,0,1,0-84,84A84.09,84.09,0,0,0,212,128Z\"><\/path><\/svg><\/span><span class=\"gb-text\">Outils concrets pour les KPI, les entretiens individuels, le feedback et les plans de d\u00e9veloppement individuel (PDI).<\/span><\/p>\n\n\n\n<p class=\"gb-text-b67182cf\"><span class=\"gb-shape\"><svg xmlns=\"http:\/\/www.w3.org\/2000\/svg\" width=\"32\" height=\"32\" viewBox=\"0 0 256 256\"><path d=\"M176.49,95.51a12,12,0,0,1,0,17l-56,56a12,12,0,0,1-17,0l-24-24a12,12,0,1,1,17-17L112,143l47.51-47.52A12,12,0,0,1,176.49,95.51ZM236,128A108,108,0,1,1,128,20,108.12,108.12,0,0,1,236,128Zm-24,0a84,84,0,1,0-84,84A84.09,84.09,0,0,0,212,128Z\"><\/path><\/svg><\/span><span class=\"gb-text\">Accompagnement \u00e0 la mise en \u0153uvre.<\/span><\/p>\n\n\n\n<p class=\"gb-text-394e95ef\"><span class=\"gb-shape\"><svg xmlns=\"http:\/\/www.w3.org\/2000\/svg\" width=\"32\" height=\"32\" viewBox=\"0 0 256 256\"><path d=\"M176.49,95.51a12,12,0,0,1,0,17l-56,56a12,12,0,0,1-17,0l-24-24a12,12,0,1,1,17-17L112,143l47.51-47.52A12,12,0,0,1,176.49,95.51ZM236,128A108,108,0,1,1,128,20,108.12,108.12,0,0,1,236,128Zm-24,0a84,84,0,1,0-84,84A84.09,84.09,0,0,0,212,128Z\"><\/path><\/svg><\/span><span class=\"gb-text\">Suivi du ROI et des progr\u00e8s<\/span><\/p>\n\n\n\n<a class=\"gbp-button--tertiary\" href=\"https:\/\/mondaysimon.com\/manager-development-program\/\"><span class=\"gb-text\">En savoir plus<\/span><span class=\"gb-shape\"><svg xmlns=\"http:\/\/www.w3.org\/2000\/svg\" viewBox=\"0 0 256 256\" height=\"32\" width=\"32\"><path d=\"M224.49,136.49l-72,72a12,12,0,0,1-17-17L187,140H40a12,12,0,0,1,0-24H187L135.51,64.48a12,12,0,0,1,17-17l72,72A12,12,0,0,1,224.49,136.49Z\"><\/path><\/svg><\/span><\/a>\n<\/div>\n<\/div>\n<\/div>\n\n\n\n<div>\n<div class=\"gb-element-7a4d5b86\">\n<div class=\"gb-element-be294ede\">\n<figure class=\"wp-block-image size-full\"><img loading=\"lazy\" decoding=\"async\" width=\"1024\" height=\"1024\" src=\"https:\/\/mondaysimon.com\/wp-content\/uploads\/2026\/02\/TALENT-RETENTION.jpg\" alt=\"\" class=\"wp-image-50817\" srcset=\"https:\/\/mondaysimon.com\/wp-content\/uploads\/2026\/02\/TALENT-RETENTION.jpg 1024w, https:\/\/mondaysimon.com\/wp-content\/uploads\/2026\/02\/TALENT-RETENTION-300x300.jpg 300w, https:\/\/mondaysimon.com\/wp-content\/uploads\/2026\/02\/TALENT-RETENTION-150x150.jpg 150w, https:\/\/mondaysimon.com\/wp-content\/uploads\/2026\/02\/TALENT-RETENTION-768x768.jpg 768w\" sizes=\"auto, (max-width: 1024px) 100vw, 1024px\" \/><\/figure>\n<\/div>\n\n\n\n<div class=\"gb-element-2964892a\">\n<h3 class=\"gb-text\"><strong>R\u00e9tention des talents et planification de la rel\u00e8ve<\/strong><\/h3>\n\n\n\n<p class=\"gb-text\">Renforcez la r\u00e9tention des talents en clarifiant les attentes et en s\u00e9curisant les relais de leadership.<br>D\u00e9ployez des \u00e9valuations 360\u00b0 structur\u00e9es pour objectiver les \u00e9carts de comp\u00e9tences et prioriser le d\u00e9veloppement.<\/p>\n\n\n\n<p class=\"gb-text-ac2ea2a7\"><span class=\"gb-shape\"><svg xmlns=\"http:\/\/www.w3.org\/2000\/svg\" width=\"32\" height=\"32\" viewBox=\"0 0 256 256\"><path d=\"M176.49,95.51a12,12,0,0,1,0,17l-56,56a12,12,0,0,1-17,0l-24-24a12,12,0,1,1,17-17L112,143l47.51-47.52A12,12,0,0,1,176.49,95.51ZM236,128A108,108,0,1,1,128,20,108.12,108.12,0,0,1,236,128Zm-24,0a84,84,0,1,0-84,84A84.09,84.09,0,0,0,212,128Z\"><\/path><\/svg><\/span><span class=\"gb-text\">Cartographie des comp\u00e9tences pour les postes critiques<\/span><\/p>\n\n\n\n<p class=\"gb-text-94781d6f\"><span class=\"gb-shape\"><svg xmlns=\"http:\/\/www.w3.org\/2000\/svg\" width=\"32\" height=\"32\" viewBox=\"0 0 256 256\"><path d=\"M176.49,95.51a12,12,0,0,1,0,17l-56,56a12,12,0,0,1-17,0l-24-24a12,12,0,1,1,17-17L112,143l47.51-47.52A12,12,0,0,1,176.49,95.51ZM236,128A108,108,0,1,1,128,20,108.12,108.12,0,0,1,236,128Zm-24,0a84,84,0,1,0-84,84A84.09,84.09,0,0,0,212,128Z\"><\/path><\/svg><\/span><span class=\"gb-text\">Analyse des \u00e9carts entre les exigences actuelles et futures du poste.<\/span><\/p>\n\n\n\n<p class=\"gb-text-098db418\"><span class=\"gb-shape\"><svg xmlns=\"http:\/\/www.w3.org\/2000\/svg\" width=\"32\" height=\"32\" viewBox=\"0 0 256 256\"><path d=\"M176.49,95.51a12,12,0,0,1,0,17l-56,56a12,12,0,0,1-17,0l-24-24a12,12,0,1,1,17-17L112,143l47.51-47.52A12,12,0,0,1,176.49,95.51ZM236,128A108,108,0,1,1,128,20,108.12,108.12,0,0,1,236,128Zm-24,0a84,84,0,1,0-84,84A84.09,84.09,0,0,0,212,128Z\"><\/path><\/svg><\/span><span class=\"gb-text\">Plans de d\u00e9veloppement individuel (PDI) structur\u00e9s et align\u00e9s sur les priorit\u00e9s strat\u00e9giques.<\/span><\/p>\n\n\n\n<a class=\"gbp-button--tertiary\" href=\"https:\/\/mondaysimon.com\/fr\/retention-talents-entreprises-industrielles\/\"><span class=\"gb-text\">En savoir plus<\/span><span class=\"gb-shape\"><svg xmlns=\"http:\/\/www.w3.org\/2000\/svg\" viewBox=\"0 0 256 256\" height=\"32\" width=\"32\"><path d=\"M224.49,136.49l-72,72a12,12,0,0,1-17-17L187,140H40a12,12,0,0,1,0-24H187L135.51,64.48a12,12,0,0,1,17-17l72,72A12,12,0,0,1,224.49,136.49Z\"><\/path><\/svg><\/span><\/a>\n<\/div>\n<\/div>\n<\/div>\n\n\n\n<div class=\"gb-element-a0830c4b\">\n<div class=\"gb-element-354512c5\">\n<div class=\"gb-element-1567e0ea\">\n<figure class=\"wp-block-image size-full\"><img loading=\"lazy\" decoding=\"async\" width=\"1024\" height=\"1024\" src=\"https:\/\/mondaysimon.com\/wp-content\/uploads\/2026\/02\/RECRUIT-IN-SOUTHEAST-ASIA.jpg\" alt=\"\" class=\"wp-image-50818\" srcset=\"https:\/\/mondaysimon.com\/wp-content\/uploads\/2026\/02\/RECRUIT-IN-SOUTHEAST-ASIA.jpg 1024w, https:\/\/mondaysimon.com\/wp-content\/uploads\/2026\/02\/RECRUIT-IN-SOUTHEAST-ASIA-300x300.jpg 300w, https:\/\/mondaysimon.com\/wp-content\/uploads\/2026\/02\/RECRUIT-IN-SOUTHEAST-ASIA-150x150.jpg 150w, https:\/\/mondaysimon.com\/wp-content\/uploads\/2026\/02\/RECRUIT-IN-SOUTHEAST-ASIA-768x768.jpg 768w\" sizes=\"auto, (max-width: 1024px) 100vw, 1024px\" \/><\/figure>\n<\/div>\n\n\n\n<div class=\"gb-element-9c53863c\">\n<h3 class=\"gb-text\"><strong>Recrutement en Asie du Sud-Est pour les entreprises industrielles<\/strong><\/h3>\n\n\n\n<div>\n<p class=\"gb-text gb-text-69ccd945\">\u00c9tendez votre gestion des talents \u00e0 l\u2019expansion r\u00e9gionale.<br>Maintenez des standards de recrutement, de conformit\u00e9 et de pilotage coh\u00e9rents dans toute l\u2019Asie du Sud-Est.<\/p>\n<\/div>\n\n\n\n<p class=\"gb-text-e272fb69\"><span class=\"gb-shape\"><svg xmlns=\"http:\/\/www.w3.org\/2000\/svg\" width=\"32\" height=\"32\" viewBox=\"0 0 256 256\"><path d=\"M176.49,95.51a12,12,0,0,1,0,17l-56,56a12,12,0,0,1-17,0l-24-24a12,12,0,1,1,17-17L112,143l47.51-47.52A12,12,0,0,1,176.49,95.51ZM236,128A108,108,0,1,1,128,20,108.12,108.12,0,0,1,236,128Zm-24,0a84,84,0,1,0-84,84A84.09,84.09,0,0,0,212,128Z\"><\/path><\/svg><\/span><span class=\"gb-text\">Viviers de talents industriels cartographi\u00e9s dans toute l&rsquo;Asie du Sud-Est<\/span><\/p>\n\n\n\n<p class=\"gb-text-5ebee5b5\"><span class=\"gb-shape\"><svg xmlns=\"http:\/\/www.w3.org\/2000\/svg\" width=\"32\" height=\"32\" viewBox=\"0 0 256 256\"><path d=\"M176.49,95.51a12,12,0,0,1,0,17l-56,56a12,12,0,0,1-17,0l-24-24a12,12,0,1,1,17-17L112,143l47.51-47.52A12,12,0,0,1,176.49,95.51ZM236,128A108,108,0,1,1,128,20,108.12,108.12,0,0,1,236,128Zm-24,0a84,84,0,1,0-84,84A84.09,84.09,0,0,0,212,128Z\"><\/path><\/svg><\/span><span class=\"gb-text\">Visibilit\u00e9 partag\u00e9e sur les pipelines de recrutement et les d\u00e9lais d\u2019embauche<\/span><\/p>\n\n\n\n<p class=\"gb-text-ef3d508a\"><span class=\"gb-shape\"><svg xmlns=\"http:\/\/www.w3.org\/2000\/svg\" width=\"32\" height=\"32\" viewBox=\"0 0 256 256\"><path d=\"M176.49,95.51a12,12,0,0,1,0,17l-56,56a12,12,0,0,1-17,0l-24-24a12,12,0,1,1,17-17L112,143l47.51-47.52A12,12,0,0,1,176.49,95.51ZM236,128A108,108,0,1,1,128,20,108.12,108.12,0,0,1,236,128Zm-24,0a84,84,0,1,0-84,84A84.09,84.09,0,0,0,212,128Z\"><\/path><\/svg><\/span><span class=\"gb-text\">Accompagnement \u00e0 la mise en place d\u2019une solution EOR et d\u2019une paie conforme aux r\u00e9glementations locales<\/span><\/p>\n\n\n\n<a class=\"gbp-button--tertiary\" href=\"https:\/\/mondaysimon.com\/fr\/recrutement-industriel-asie-sud-est\/\"><span class=\"gb-text\">En savoir plus<\/span><span class=\"gb-shape\"><svg xmlns=\"http:\/\/www.w3.org\/2000\/svg\" viewBox=\"0 0 256 256\" height=\"32\" width=\"32\"><path d=\"M224.49,136.49l-72,72a12,12,0,0,1-17-17L187,140H40a12,12,0,0,1,0-24H187L135.51,64.48a12,12,0,0,1,17-17l72,72A12,12,0,0,1,224.49,136.49Z\"><\/path><\/svg><\/span><\/a>\n<\/div>\n<\/div>\n<\/div>\n<\/div>\n<\/div>\n\n\n\n<div class=\"gbp-section gb-element-6a088c1f\">\n<span class=\"gb-shape gb-shape-01322d92 gb-shape--divider\"><svg xmlns=\"http:\/\/www.w3.org\/2000\/svg\" viewBox=\"0 0 400 27\" preserveAspectRatio=\"none\"><path d=\"M400 27H0v-.5h342.71c2.46 0 4.89-.57 7.1-1.66L400 0v27Z\"><\/path><\/svg><\/span>\n\n\n\n<div class=\"gbp-section__inner gb-element-4969bf2c\">\n<div class=\"gb-element-0e67e0d8\">\n<h2 class=\"gb-text gb-text-28703bf7\"><strong>Structurer la gestion des talents pour s\u00e9curiser l\u2019ex\u00e9cution industrielle<\/strong><\/h2>\n\n\n\n<p class=\"gb-text gbp-section__text--lg gb-text-5fbca354\">La gestion des talents dans les entreprises industrielles doit \u00eatre concr\u00e8te, mesurable et align\u00e9e sur les r\u00e9alit\u00e9s op\u00e9rationnelles.<\/p>\n<\/div>\n\n\n\n<div>\n<div class=\"gb-element-0c345e8e\">\n<div class=\"gbp--border-radius gb-element-397aaacd\">\n<div class=\"gb-element-0f0b2617\">\n<span class=\"gb-shape gb-shape-59267fd9\"><svg xmlns=\"http:\/\/www.w3.org\/2000\/svg\" viewBox=\"0 0 256 256\" height=\"32\" width=\"32\"><path d=\"M229.26,90.4a108,108,0,0,1-177.63,114A108,108,0,0,1,195.41,43.63l20.1-20.11a12,12,0,0,1,17,17l-96,96a12,12,0,1,1-17-17l24-24a36,36,0,1,0,19.76,39.65,12,12,0,0,1,23.53,4.74,60,60,0,1,1-25.73-62L178.3,60.74a84,84,0,1,0,28.46,38,12,12,0,1,1,22.5-8.35Z\"><\/path><\/svg><\/span>\n\n\n\n<div>\n<h3 class=\"gb-text gb-text-89853803\">Pratique plut\u00f4t que th\u00e9orique<\/h3>\n\n\n\n<p class=\"gb-text gb-text-0bfe355d\">La gestion des talents dans l\u2019industrie doit se traduire en ex\u00e9cution quotidienne et passer ce que j\u2019appelle le test du lundi matin. Si un manager ne peut pas l\u2019appliquer d\u00e8s le lundi suivant L en revue de performance, en entretien individuel ou dans une d\u00e9cision de recrutement, alors ce n\u2019est pas un syst\u00e8me op\u00e9rationnel. <\/p>\n<\/div>\n<\/div>\n<\/div>\n\n\n\n<div class=\"gbp--border-radius gb-element-aec76569\">\n<div class=\"gb-element-a8bf180c\">\n<span class=\"gb-shape gb-shape-2038f60e\"><svg xmlns=\"http:\/\/www.w3.org\/2000\/svg\" viewBox=\"0 0 256 256\" height=\"32\" width=\"32\"><path d=\"M164.38,181.1a52,52,0,1,0-72.76,0,75.89,75.89,0,0,0-30,28.89,12,12,0,0,0,20.78,12,53,53,0,0,1,91.22,0,12,12,0,1,0,20.78-12A75.89,75.89,0,0,0,164.38,181.1ZM100,144a28,28,0,1,1,28,28A28,28,0,0,1,100,144Zm147.21,9.59a12,12,0,0,1-16.81-2.39c-8.33-11.09-19.85-19.59-29.33-21.64a12,12,0,0,1-1.82-22.91,20,20,0,1,0-24.78-28.3,12,12,0,1,1-21-11.6,44,44,0,1,1,73.28,48.35,92.18,92.18,0,0,1,22.85,21.69A12,12,0,0,1,247.21,153.59Zm-192.28-24c-9.48,2.05-21,10.55-29.33,21.65A12,12,0,0,1,6.41,136.79,92.37,92.37,0,0,1,29.26,115.1a44,44,0,1,1,73.28-48.35,12,12,0,1,1-21,11.6,20,20,0,1,0-24.78,28.3,12,12,0,0,1-1.82,22.91Z\"><\/path><\/svg><\/span>\n\n\n\n<div>\n<h3 class=\"gb-text gb-text-4453995a\">Un ROI mesurable<\/h3>\n\n\n\n<div>\n<p class=\"gb-text gb-text-6927bf3f\">Les \u00e9valuations avant\/apr\u00e8s, la planification de la rel\u00e8ve et les indicateurs de performance du recrutement permettent de mesurer l\u2019impact sur la qualit\u00e9 du management, la stabilit\u00e9 de la r\u00e9tention et les d\u00e9lais d\u2019embauche.<\/p>\n<\/div>\n<\/div>\n<\/div>\n<\/div>\n\n\n\n<div class=\"gbp--border-radius gb-element-4f7a9985\">\n<div class=\"gb-element-f3bb56f7\">\n<span class=\"gb-shape gb-shape-d426609c\"><svg xmlns=\"http:\/\/www.w3.org\/2000\/svg\" viewBox=\"0 0 256 256\" height=\"32\" width=\"32\"><path d=\"M208,36H48A20,20,0,0,0,28,56v56c0,54.29,26.32,87.22,48.4,105.29,23.71,19.39,47.44,26,48.44,26.29a12.1,12.1,0,0,0,6.32,0c1-.28,24.73-6.9,48.44-26.29,22.08-18.07,48.4-51,48.4-105.29V56A20,20,0,0,0,208,36Zm-4,76c0,35.71-13.09,64.69-38.91,86.15A126.28,126.28,0,0,1,128,219.38a126.14,126.14,0,0,1-37.09-21.23C65.09,176.69,52,147.71,52,112V60H204ZM79.51,144.49a12,12,0,1,1,17-17L112,143l47.51-47.52a12,12,0,0,1,17,17l-56,56a12,12,0,0,1-17,0Z\"><\/path><\/svg><\/span>\n\n\n\n<div>\n<h3 class=\"gb-text gb-text-6b527a20\">Int\u00e9gration op\u00e9rationnelle<\/h3>\n\n\n\n<p class=\"gb-text gb-text-94f2fd74\">Les syst\u00e8mes de gestion des talents doivent renforcer vos processus de performance existants, vos structures hi\u00e9rarchiques et votre mod\u00e8le op\u00e9rationnel industriel, et non les remplacer par des cadres abstraits.<\/p>\n<\/div>\n<\/div>\n<\/div>\n\n\n\n<div class=\"gbp--border-radius gb-element-f6d99b6b\">\n<div class=\"gb-element-2e6fe988\">\n<span class=\"gb-shape gb-shape-f3824289\"><svg xmlns=\"http:\/\/www.w3.org\/2000\/svg\" viewBox=\"0 0 256 256\" height=\"32\" width=\"32\"><path d=\"M208,76H180V56A52,52,0,0,0,76,56V76H48A20,20,0,0,0,28,96V208a20,20,0,0,0,20,20H208a20,20,0,0,0,20-20V96A20,20,0,0,0,208,76ZM100,56a28,28,0,0,1,56,0V76H100ZM204,204H52V100H204Zm-60-52a16,16,0,1,1-16-16A16,16,0,0,1,144,152Z\"><\/path><\/svg><\/span>\n\n\n\n<div>\n<h3 class=\"gb-text gb-text-e661858e\"><strong>Con\u00e7u pour les environnements industriels<\/strong><\/h3>\n\n\n\n<p class=\"gb-text gb-text-0848d3aa\">Pens\u00e9 pour les organisations industrielles multi-sites confront\u00e9es \u00e0 la complexit\u00e9 op\u00e9rationnelle et aux enjeux de recrutement transfrontaliers.<\/p>\n<\/div>\n<\/div>\n<\/div>\n<\/div>\n<\/div>\n<\/div>\n<\/div>\n\n\n\n<div class=\"gbp-section gb-element-257b18c8\">\n<div class=\"gbp-section__inner gb-element-d73f6bbb\">\n<div class=\"gb-element-06396e6b\">\n<div class=\"gb-element-f5183e87\">\n<h2 class=\"gb-text\"><strong>Pr\u00eat \u00e0 renforcer votre gestion des talents ?<\/strong><\/h2>\n\n\n\n<p class=\"gb-text\">Si vous questionnez la coh\u00e9rence de votre management, la solidit\u00e9 de vos relais ou la structure de votre recrutement r\u00e9gional, commen\u00e7ons par un \u00e9change cibl\u00e9.<br><\/p>\n\n\n\n<figure class=\"wp-block-image size-large\"><img loading=\"lazy\" decoding=\"async\" width=\"1024\" height=\"576\" src=\"https:\/\/mondaysimon.com\/wp-content\/uploads\/2025\/09\/Free-HR-guides-2-1-1024x576.jpg\" alt=\"Simon Carvi, expert en d\u00e9veloppement manag\u00e9rial, accompagnant les entreprises dans la mise en \u0153uvre de programmes de management op\u00e9rationnel\" class=\"wp-image-47535\" srcset=\"https:\/\/mondaysimon.com\/wp-content\/uploads\/2025\/09\/Free-HR-guides-2-1-1024x576.jpg 1024w, https:\/\/mondaysimon.com\/wp-content\/uploads\/2025\/09\/Free-HR-guides-2-1-300x169.jpg 300w, https:\/\/mondaysimon.com\/wp-content\/uploads\/2025\/09\/Free-HR-guides-2-1-768x432.jpg 768w, https:\/\/mondaysimon.com\/wp-content\/uploads\/2025\/09\/Free-HR-guides-2-1-1536x864.jpg 1536w, https:\/\/mondaysimon.com\/wp-content\/uploads\/2025\/09\/Free-HR-guides-2-1.jpg 1920w\" sizes=\"auto, (max-width: 1024px) 100vw, 1024px\" \/><\/figure>\n\n\n\n<a class=\"gb-text gbp-button--primary gb-text-63de67df\" href=\"https:\/\/calendly.com\/simon-huneety\/30min_meeting\" target=\"_blank\" rel=\"noopener\">Planifier un \u00e9change<\/a>\n<\/div>\n<\/div>\n<\/div>\n<\/div>\n","protected":false},"excerpt":{"rendered":"<p>Gestion des talents pour les entreprises industrielles D\u00e9veloppement structur\u00e9 du management, am\u00e9lioration de la r\u00e9tention des talents et recrutement en Asie pour renforcer l\u2019ex\u00e9cution industrielle. La gestion des talents dans les entreprises industrielles devient complexe \u00e0 mesure que l\u2019organisation se d\u00e9veloppe sur plusieurs sites et pays. &#8211; Les standards manag\u00e9riaux se fragilisent. &#8211; L\u2019ex\u00e9cution devient &#8230; <a title=\"POUR LA PAGE CAT\u00c9GORIE RH (EN COURS)\" class=\"read-more\" href=\"https:\/\/mondaysimon.com\/fr\/gestion-talents-entreprises-industrielles\/\" aria-label=\"En savoir plus sur POUR LA PAGE CAT\u00c9GORIE RH (EN COURS)\">Lire plus<\/a><\/p>\n","protected":false},"author":1,"featured_media":0,"parent":0,"menu_order":0,"comment_status":"closed","ping_status":"closed","template":"","meta":{"footnotes":""},"class_list":["post-50964","page","type-page","status-publish"],"_hostinger_reach_plugin_has_subscription_block":false,"_hostinger_reach_plugin_is_elementor":false,"_links":{"self":[{"href":"https:\/\/mondaysimon.com\/fr\/wp-json\/wp\/v2\/pages\/50964","targetHints":{"allow":["GET"]}}],"collection":[{"href":"https:\/\/mondaysimon.com\/fr\/wp-json\/wp\/v2\/pages"}],"about":[{"href":"https:\/\/mondaysimon.com\/fr\/wp-json\/wp\/v2\/types\/page"}],"author":[{"embeddable":true,"href":"https:\/\/mondaysimon.com\/fr\/wp-json\/wp\/v2\/users\/1"}],"replies":[{"embeddable":true,"href":"https:\/\/mondaysimon.com\/fr\/wp-json\/wp\/v2\/comments?post=50964"}],"version-history":[{"count":7,"href":"https:\/\/mondaysimon.com\/fr\/wp-json\/wp\/v2\/pages\/50964\/revisions"}],"predecessor-version":[{"id":51649,"href":"https:\/\/mondaysimon.com\/fr\/wp-json\/wp\/v2\/pages\/50964\/revisions\/51649"}],"wp:attachment":[{"href":"https:\/\/mondaysimon.com\/fr\/wp-json\/wp\/v2\/media?parent=50964"}],"curies":[{"name":"wp","href":"https:\/\/api.w.org\/{rel}","templated":true}]}}